{"id":5074,"date":"2020-06-28T09:01:34","date_gmt":"2020-06-28T14:01:34","guid":{"rendered":"https:\/\/teranetmanitoba.ca\/?page_id=5074"},"modified":"2024-10-24T09:56:14","modified_gmt":"2024-10-24T14:56:14","slug":"cherchez-votre-titre","status":"publish","type":"page","link":"https:\/\/www.teranetmanitoba.ca\/fr\/titres-fonciers\/cherchez-votre-titre\/","title":{"rendered":"Cherchez votre titre"},"content":{"rendered":"<p><span style=\"color: #55565b;\">Vous pouvez chercher un titre, un instrument ou un plan d\u2019arpentage \u00e0 l\u2019aide de l\u2019application en ligne <span style=\"color: #4c7a15;\"><a style=\"color: #4c7a15;\" href=\"https:\/\/www.tprmb.ca\/tchk\/\">V\u00e9rification de titre<\/a><\/span>. <\/span><\/p>\n<p><span style=\"color: #55565b;\">Celle-ci fonctionne comme la plupart des applications de magasinage en ligne, et vous pouvez payer votre transaction par carte Visa ou MasterCard.<\/span><span style=\"color: #55565b;\">Veuillez consulter notre <span style=\"color: #4c7a15;\"><a style=\"color: #4c7a15;\" href=\"https:\/\/teranetmanitoba.ca\/fr\/titres-fonciers\/droits-afferents-aux-titres-fonciers\/\">page des droits aff\u00e9rents aux titres fonciers<\/a><\/span> pour conna\u00eetre les tarifs actuels des transactions.<\/span><\/p>\n<h3><span style=\"color: #55565b;\">Recherche de titre<\/span><\/h3>\n<p>Pour commencer votre recherche, vous aurez besoin de votre num\u00e9ro de titre. Vous trouverez ce num\u00e9ro sur votre d\u00e9claration d&rsquo;enregistrement, sur votre facture d&rsquo;imp\u00f4t foncier ou sur une copie plus ancienne de votre titre. Vous pouvez \u00e9galement :<\/p>\n<ul>\n<li>communiquer avec<a href=\"https:\/\/legacy.winnipeg.ca\/francais\/AsmtTax\/english\/ContactUs\/ContactUs.stm\" target=\"_blank\" rel=\"noopener\"> le service d&rsquo;\u00e9valuation et de taxation<\/a> de la ville de Winnipeg (pour les propri\u00e9t\u00e9s situ\u00e9es dans la ville)<\/li>\n<li>effectuer une recherche \u00e0 l&rsquo;aide de <a href=\"https:\/\/www.gov.mb.ca\/mao\/public\/search_select.aspx?lang=FR\" target=\"_blank\" rel=\"noopener\">l&rsquo;outil d&rsquo;\u00e9valuation<\/a> fonci\u00e8re du gouvernement du Manitoba (pour les municipalit\u00e9s).<\/li>\n<\/ul>\n<div class=\"lt-article__body rte rte-enhanced\" data-article=\"\">\n<section class=\"article-info\">\n<div class=\"article-content\">\n<div class=\"article-body\">\n<p>Veuillez noter que seuls les titres \u00e9lectroniques apparaissent dans les r\u00e9sultats de la recherche. Pour obtenir un acte ou un titre papier, veuillez soumettre un <a href=\"https:\/\/teranetmanitoba.ca\/wp-content\/uploads\/2021\/03\/SR_FR.pdf\" target=\"_blank\" rel=\"noopener\">formulaire de demande de service<\/a> \u00e0 notre<a href=\"https:\/\/teranetmanitoba.ca\/fr\/contactez-nous\/\" target=\"_blank\" rel=\"noopener\"> \u00e9quipe du service client\u00e8le<\/a>.<\/p>\n<\/div>\n<\/div>\n<\/section>\n<\/div>\n<h3><span style=\"color: #55565b;\">Recherche d\u2019instrument<\/span><\/h3>\n<p>Pour commencer votre recherche, vous aurez besoin de votre num\u00e9ro d&rsquo;enregistrement, \u00e9galement appel\u00e9 num\u00e9ro de document ou num\u00e9ro d&rsquo;instrument. Vous trouverez ce num\u00e9ro sur votre d\u00e9claration d&rsquo;enregistrement, sur l&rsquo;\u00e9tat du titre ou sur une copie plus ancienne de votre titre.<\/p>\n<h3><span style=\"color: #55565b;\">Recherche de plan d\u2019arpentage<\/span><\/h3>\n<p>Pour commencer votre recherche, vous aurez besoin de votre num\u00e9ro de plan. Vous trouverez ce num\u00e9ro dans la section de l&rsquo;index foncier de votre \u00e9tat des titres.<\/p>\n<div class=\"lt-article-container__column lt-article-container__article\">\n<div class=\"lt-block lt-p-4 lt-p-lg-6 lt-article__box\">\n<div class=\"lt-article__body rte rte-enhanced\" data-article=\"\">\n<div class=\"lt-article-container__column lt-article-container__article\">\n<div class=\"lt-block lt-p-4 lt-p-lg-6 lt-article__box\">\n<div class=\"lt-article__body rte rte-enhanced\" data-article=\"\">\n<div class=\"lt-article-container__column lt-article-container__article\">\n<div class=\"lt-block lt-p-4 lt-p-lg-6 lt-article__box\">\n<div class=\"lt-article__body rte rte-enhanced\" data-article=\"\">\n<section class=\"article-info\">\n<div class=\"article-content\">\n<div class=\"article-body\">\n<p>Veuillez noter que seules les limites de votre propri\u00e9t\u00e9 apparaissent sur un plan d&rsquo;arpentage. Pour obtenir un certificat de localisation de b\u00e2timent, veuillez communiquer avec un <a href=\"https:\/\/amls.ca\/members\/find-a-surveyor\/\" target=\"_blank\" rel=\"noopener\">arpenteur-g\u00e9om\u00e8tre du Manitoba<\/a>.<\/p>\n<\/div>\n<\/div>\n<\/section>\n<\/div>\n<\/div>\n<\/div>\n<\/div>\n<\/div>\n<\/div>\n<\/div>\n<\/div>\n<\/div>\n<h2><span style=\"color: #55565b;\">Autres modes de recherche et de paiement<\/span><\/h2>\n<ul>\n<li><span style=\"color: #55565b;\"><strong>En personne\u00a0: <\/strong>vous pouvez payer les transactions concernant le Bureau des titres fonciers en vous rendant \u00e0 l\u2019un de nos six <a style=\"color: #55565b;\" href=\"https:\/\/teranetmanitoba.ca\/fr\/contactez-nous\/\">bureaux<\/a>.<\/span><\/li>\n<li><span style=\"color: #55565b;\"><strong>Par t\u00e9l\u00e9phone\u00a0:<\/strong> vous pouvez communiquer avec notre \u00e9quipe des services aux clients au <span style=\"color: #4c7a15;\"><a style=\"color: #4c7a15;\" href=\"tel:18447375684\">1 844-737-5684<\/a><\/span> (sans frais) pour faire un paiement par t\u00e9l\u00e9phone.<\/span><\/li>\n<\/ul>\n","protected":false},"excerpt":{"rendered":"<p>Vous pouvez chercher un titre, un instrument ou un plan d\u2019arpentage \u00e0 l\u2019aide de l\u2019application en ligne V\u00e9rification de titre. Celle-ci fonctionne comme la plupart des applications de magasinage en ligne, et vous pouvez payer votre transaction par carte Visa ou MasterCard.Veuillez consulter notre page des droits aff\u00e9rents aux titres fonciers pour conna\u00eetre les tarifs&hellip; <br \/> <a class=\"read-more btn btn-green-2\" href=\"https:\/\/www.teranetmanitoba.ca\/fr\/titres-fonciers\/cherchez-votre-titre\/\">Lire la suite<\/a><\/p>\n","protected":false},"author":1,"featured_media":0,"parent":2106,"menu_order":0,"comment_status":"closed","ping_status":"closed","template":"","meta":{"_acf_changed":false,"footnotes":""},"class_list":["post-5074","page","type-page","status-publish","hentry"],"acf":[],"yoast_head":"<!-- This site is optimized with the Yoast SEO Premium plugin v27.3 (Yoast SEO v27.3) - https:\/\/yoast.com\/product\/yoast-seo-premium-wordpress\/ -->\n<title>Cherchez votre titre - Teranet Manitoba<\/title>\n<meta name=\"robots\" content=\"index, follow, max-snippet:-1, max-image-preview:large, max-video-preview:-1\" \/>\n<link rel=\"canonical\" href=\"https:\/\/teranetmanitoba.ca\/fr\/titres-fonciers\/cherchez-votre-titre\/\" \/>\n<meta property=\"og:locale\" content=\"fr_FR\" \/>\n<meta property=\"og:type\" content=\"article\" \/>\n<meta property=\"og:title\" content=\"Cherchez votre titre\" \/>\n<meta property=\"og:description\" content=\"Vous pouvez chercher un titre, un instrument ou un plan d\u2019arpentage \u00e0 l\u2019aide de l\u2019application en ligne V\u00e9rification de titre. Celle-ci fonctionne comme la plupart des applications de magasinage en ligne, et vous pouvez payer votre transaction par carte Visa ou MasterCard.Veuillez consulter notre page des droits aff\u00e9rents aux titres fonciers pour conna\u00eetre les tarifs&hellip; Lire la suite\" \/>\n<meta property=\"og:url\" content=\"https:\/\/teranetmanitoba.ca\/fr\/titres-fonciers\/cherchez-votre-titre\/\" \/>\n<meta property=\"og:site_name\" content=\"Teranet Manitoba\" \/>\n<meta property=\"article:modified_time\" content=\"2024-10-24T14:56:14+00:00\" \/>\n<meta name=\"twitter:card\" content=\"summary_large_image\" \/>\n<script type=\"application\/ld+json\" class=\"yoast-schema-graph\">{\"@context\":\"https:\\\/\\\/schema.org\",\"@graph\":[{\"@type\":\"WebPage\",\"@id\":\"https:\\\/\\\/teranetmanitoba.ca\\\/fr\\\/titres-fonciers\\\/cherchez-votre-titre\\\/\",\"url\":\"https:\\\/\\\/teranetmanitoba.ca\\\/fr\\\/titres-fonciers\\\/cherchez-votre-titre\\\/\",\"name\":\"Cherchez votre titre - Teranet Manitoba\",\"isPartOf\":{\"@id\":\"https:\\\/\\\/teranetmanitoba.ca\\\/#website\"},\"datePublished\":\"2020-06-28T14:01:34+00:00\",\"dateModified\":\"2024-10-24T14:56:14+00:00\",\"breadcrumb\":{\"@id\":\"https:\\\/\\\/teranetmanitoba.ca\\\/fr\\\/titres-fonciers\\\/cherchez-votre-titre\\\/#breadcrumb\"},\"inLanguage\":\"fr-FR\",\"potentialAction\":[{\"@type\":\"ReadAction\",\"target\":[\"https:\\\/\\\/teranetmanitoba.ca\\\/fr\\\/titres-fonciers\\\/cherchez-votre-titre\\\/\"]}]},{\"@type\":\"BreadcrumbList\",\"@id\":\"https:\\\/\\\/teranetmanitoba.ca\\\/fr\\\/titres-fonciers\\\/cherchez-votre-titre\\\/#breadcrumb\",\"itemListElement\":[{\"@type\":\"ListItem\",\"position\":1,\"name\":\"Home\",\"item\":\"https:\\\/\\\/teranetmanitoba.ca\\\/fr\\\/\"},{\"@type\":\"ListItem\",\"position\":2,\"name\":\"Titres fonciers\",\"item\":\"https:\\\/\\\/teranetmanitoba.ca\\\/fr\\\/titres-fonciers\\\/\"},{\"@type\":\"ListItem\",\"position\":3,\"name\":\"Cherchez votre titre\"}]},{\"@type\":\"WebSite\",\"@id\":\"https:\\\/\\\/teranetmanitoba.ca\\\/#website\",\"url\":\"https:\\\/\\\/teranetmanitoba.ca\\\/\",\"name\":\"Teranet Manitoba\",\"description\":\"\",\"publisher\":{\"@id\":\"https:\\\/\\\/teranetmanitoba.ca\\\/#organization\"},\"potentialAction\":[{\"@type\":\"SearchAction\",\"target\":{\"@type\":\"EntryPoint\",\"urlTemplate\":\"https:\\\/\\\/teranetmanitoba.ca\\\/?s={search_term_string}\"},\"query-input\":{\"@type\":\"PropertyValueSpecification\",\"valueRequired\":true,\"valueName\":\"search_term_string\"}}],\"inLanguage\":\"fr-FR\"},{\"@type\":\"Organization\",\"@id\":\"https:\\\/\\\/teranetmanitoba.ca\\\/#organization\",\"name\":\"Teranet Manitoba\",\"url\":\"https:\\\/\\\/teranetmanitoba.ca\\\/\",\"logo\":{\"@type\":\"ImageObject\",\"inLanguage\":\"fr-FR\",\"@id\":\"https:\\\/\\\/teranetmanitoba.ca\\\/#\\\/schema\\\/logo\\\/image\\\/\",\"url\":\"https:\\\/\\\/www.teranetmanitoba.ca\\\/wp-content\\\/uploads\\\/2024\\\/01\\\/TMB-RGB-horz-EN.png\",\"contentUrl\":\"https:\\\/\\\/www.teranetmanitoba.ca\\\/wp-content\\\/uploads\\\/2024\\\/01\\\/TMB-RGB-horz-EN.png\",\"width\":2768,\"height\":564,\"caption\":\"Teranet Manitoba\"},\"image\":{\"@id\":\"https:\\\/\\\/teranetmanitoba.ca\\\/#\\\/schema\\\/logo\\\/image\\\/\"},\"sameAs\":[\"https:\\\/\\\/www.linkedin.com\\\/company\\\/teranet-manitoba\\\/\",\"https:\\\/\\\/www.youtube.com\\\/@teranetmanitoba\"]}]}<\/script>\n<!-- \/ Yoast SEO Premium plugin. -->","yoast_head_json":{"title":"Cherchez votre titre - Teranet Manitoba","robots":{"index":"index","follow":"follow","max-snippet":"max-snippet:-1","max-image-preview":"max-image-preview:large","max-video-preview":"max-video-preview:-1"},"canonical":"https:\/\/teranetmanitoba.ca\/fr\/titres-fonciers\/cherchez-votre-titre\/","og_locale":"fr_FR","og_type":"article","og_title":"Cherchez votre titre","og_description":"Vous pouvez chercher un titre, un instrument ou un plan d\u2019arpentage \u00e0 l\u2019aide de l\u2019application en ligne V\u00e9rification de titre. Celle-ci fonctionne comme la plupart des applications de magasinage en ligne, et vous pouvez payer votre transaction par carte Visa ou MasterCard.Veuillez consulter notre page des droits aff\u00e9rents aux titres fonciers pour conna\u00eetre les tarifs&hellip; Lire la suite","og_url":"https:\/\/teranetmanitoba.ca\/fr\/titres-fonciers\/cherchez-votre-titre\/","og_site_name":"Teranet Manitoba","article_modified_time":"2024-10-24T14:56:14+00:00","twitter_card":"summary_large_image","schema":{"@context":"https:\/\/schema.org","@graph":[{"@type":"WebPage","@id":"https:\/\/teranetmanitoba.ca\/fr\/titres-fonciers\/cherchez-votre-titre\/","url":"https:\/\/teranetmanitoba.ca\/fr\/titres-fonciers\/cherchez-votre-titre\/","name":"Cherchez votre titre - Teranet Manitoba","isPartOf":{"@id":"https:\/\/teranetmanitoba.ca\/#website"},"datePublished":"2020-06-28T14:01:34+00:00","dateModified":"2024-10-24T14:56:14+00:00","breadcrumb":{"@id":"https:\/\/teranetmanitoba.ca\/fr\/titres-fonciers\/cherchez-votre-titre\/#breadcrumb"},"inLanguage":"fr-FR","potentialAction":[{"@type":"ReadAction","target":["https:\/\/teranetmanitoba.ca\/fr\/titres-fonciers\/cherchez-votre-titre\/"]}]},{"@type":"BreadcrumbList","@id":"https:\/\/teranetmanitoba.ca\/fr\/titres-fonciers\/cherchez-votre-titre\/#breadcrumb","itemListElement":[{"@type":"ListItem","position":1,"name":"Home","item":"https:\/\/teranetmanitoba.ca\/fr\/"},{"@type":"ListItem","position":2,"name":"Titres fonciers","item":"https:\/\/teranetmanitoba.ca\/fr\/titres-fonciers\/"},{"@type":"ListItem","position":3,"name":"Cherchez votre titre"}]},{"@type":"WebSite","@id":"https:\/\/teranetmanitoba.ca\/#website","url":"https:\/\/teranetmanitoba.ca\/","name":"Teranet Manitoba","description":"","publisher":{"@id":"https:\/\/teranetmanitoba.ca\/#organization"},"potentialAction":[{"@type":"SearchAction","target":{"@type":"EntryPoint","urlTemplate":"https:\/\/teranetmanitoba.ca\/?s={search_term_string}"},"query-input":{"@type":"PropertyValueSpecification","valueRequired":true,"valueName":"search_term_string"}}],"inLanguage":"fr-FR"},{"@type":"Organization","@id":"https:\/\/teranetmanitoba.ca\/#organization","name":"Teranet Manitoba","url":"https:\/\/teranetmanitoba.ca\/","logo":{"@type":"ImageObject","inLanguage":"fr-FR","@id":"https:\/\/teranetmanitoba.ca\/#\/schema\/logo\/image\/","url":"https:\/\/www.teranetmanitoba.ca\/wp-content\/uploads\/2024\/01\/TMB-RGB-horz-EN.png","contentUrl":"https:\/\/www.teranetmanitoba.ca\/wp-content\/uploads\/2024\/01\/TMB-RGB-horz-EN.png","width":2768,"height":564,"caption":"Teranet Manitoba"},"image":{"@id":"https:\/\/teranetmanitoba.ca\/#\/schema\/logo\/image\/"},"sameAs":["https:\/\/www.linkedin.com\/company\/teranet-manitoba\/","https:\/\/www.youtube.com\/@teranetmanitoba"]}]}},"_links":{"self":[{"href":"https:\/\/www.teranetmanitoba.ca\/fr\/wp-json\/wp\/v2\/pages\/5074","targetHints":{"allow":["GET"]}}],"collection":[{"href":"https:\/\/www.teranetmanitoba.ca\/fr\/wp-json\/wp\/v2\/pages"}],"about":[{"href":"https:\/\/www.teranetmanitoba.ca\/fr\/wp-json\/wp\/v2\/types\/page"}],"author":[{"embeddable":true,"href":"https:\/\/www.teranetmanitoba.ca\/fr\/wp-json\/wp\/v2\/users\/1"}],"replies":[{"embeddable":true,"href":"https:\/\/www.teranetmanitoba.ca\/fr\/wp-json\/wp\/v2\/comments?post=5074"}],"version-history":[{"count":17,"href":"https:\/\/www.teranetmanitoba.ca\/fr\/wp-json\/wp\/v2\/pages\/5074\/revisions"}],"predecessor-version":[{"id":12084,"href":"https:\/\/www.teranetmanitoba.ca\/fr\/wp-json\/wp\/v2\/pages\/5074\/revisions\/12084"}],"up":[{"embeddable":true,"href":"https:\/\/www.teranetmanitoba.ca\/fr\/wp-json\/wp\/v2\/pages\/2106"}],"wp:attachment":[{"href":"https:\/\/www.teranetmanitoba.ca\/fr\/wp-json\/wp\/v2\/media?parent=5074"}],"curies":[{"name":"wp","href":"https:\/\/api.w.org\/{rel}","templated":true}]}}