{"id":2220,"date":"2019-09-13T22:25:54","date_gmt":"2019-09-13T22:25:54","guid":{"rendered":"https:\/\/teranetmanitoba.ca\/legal-notices\/"},"modified":"2022-12-07T08:43:44","modified_gmt":"2022-12-07T14:43:44","slug":"mentions-legales","status":"publish","type":"page","link":"https:\/\/www.teranetmanitoba.ca\/fr\/mentions-legales\/","title":{"rendered":"Mentions l\u00e9gales"},"content":{"rendered":"<p>Teranet Manitoba LP est le propri\u00e9taire priv\u00e9 et l\u2019exploitant de Teranet Manitoba et est un fournisseur de services pour le gouvernement du Manitoba.<\/p>\n<p>Consulter nos <a href=\"\/wp-content\/uploads\/2022\/02\/modialities_utilisation_v1.pdf\">modalit\u00e9s d&rsquo;utilisation<\/a>.<\/p>\n<h2>Droit d&rsquo;auteur<\/h2>\n<p>Tous les fichiers et les instruments relatifs \u00e0 l&rsquo;enregistrement de biens-fonds et tous les fichiers et les documents relatifs \u00e0 des biens personnels \u2013 y compris les plans d&rsquo;arpentage enregistr\u00e9s et les documents connexes \u2013 ainsi que tous les renseignements contenus dans chacun des \u00e9l\u00e9ments pr\u00e9cit\u00e9s sont prot\u00e9g\u00e9s par le droit d&rsquo;auteur de la Couronne du gouvernement du Manitoba et peuvent \u00eatre utilis\u00e9s conform\u00e9ment aux modalit\u00e9s d&rsquo;utilisation fix\u00e9es par l&rsquo;Office d&rsquo;enregistrement des titres et des instruments. Tous droits r\u00e9serv\u00e9s.<\/p>\n<p>L&rsquo;ensemble de la conception du site Web, du texte, des graphiques ainsi que la s\u00e9lection et la pr\u00e9sentation de ceux-ci et tous les logiciels sont d\u00e9tenus par Teranet Manitoba LP qui en poss\u00e8de les droits d&rsquo;auteur (\u00a9 2014-2019).\u00a0 Tous droits r\u00e9serv\u00e9s.<\/p>\n<p>Les lois et r\u00e8glements du Manitoba reproduits sur ce site Web sont prot\u00e9g\u00e9s par le droit d&rsquo;auteur de la Couronne du gouvernement du Manitoba. Tous droits r\u00e9serv\u00e9s. Les demandes de reproduction de lois ou de r\u00e8glements du Manitoba ne peuvent \u00eatre accord\u00e9es que si les conditions \u00e9nonc\u00e9es sur la page Web Notification des droits d\u2019auteur des lois du Manitoba sont respect\u00e9es.<\/p>\n<h2>Marques de commerce<\/h2>\n<p>Teranet Manitoba et la conception sont des marques de commerce enregistr\u00e9es de Teranet Inc. ou de ses conc\u00e9dants. Toutes les autres marques de commerce et d\u00e9nominations commerciales sont d\u00e9tenues par leurs propri\u00e9taires respectifs. Tous droits r\u00e9serv\u00e9s.<\/p>\n<h2>Questions ou pr\u00e9occupations?<\/h2>\n<p>Pour plus de renseignements, veuillez communiquer avec notre office.<\/p>\n<p>Courriel : <a href=\"mailto:clientservice@teranet.ca\">clientservice@teranet.ca<\/a><br \/>\nT\u00e9l\u00e9phone : <a href=\"tel:18447375684\">1-844-737-5684<\/a><\/p>\n","protected":false},"excerpt":{"rendered":"<p>Teranet Manitoba LP est le propri\u00e9taire priv\u00e9 et l\u2019exploitant de Teranet Manitoba et est un fournisseur de services pour le gouvernement du Manitoba. Consulter nos modalit\u00e9s d&rsquo;utilisation. Droit d&rsquo;auteur Tous les fichiers et les instruments relatifs \u00e0 l&rsquo;enregistrement de biens-fonds et tous les fichiers et les documents relatifs \u00e0 des biens personnels \u2013 y compris&hellip; <br \/> <a class=\"read-more btn btn-green-2\" href=\"https:\/\/www.teranetmanitoba.ca\/fr\/mentions-legales\/\">Lire la suite<\/a><\/p>\n","protected":false},"author":2,"featured_media":0,"parent":0,"menu_order":0,"comment_status":"closed","ping_status":"closed","template":"","meta":{"_acf_changed":false,"footnotes":""},"class_list":["post-2220","page","type-page","status-publish","hentry"],"acf":[],"yoast_head":"<!-- This site is optimized with the Yoast SEO Premium plugin v27.3 (Yoast SEO v27.3) - https:\/\/yoast.com\/product\/yoast-seo-premium-wordpress\/ -->\n<title>Mentions l\u00e9gales - Teranet Manitoba<\/title>\n<meta name=\"robots\" content=\"index, follow, max-snippet:-1, max-image-preview:large, max-video-preview:-1\" \/>\n<link rel=\"canonical\" href=\"https:\/\/teranetmanitoba.ca\/fr\/mentions-legales\/\" \/>\n<meta property=\"og:locale\" content=\"fr_FR\" \/>\n<meta property=\"og:type\" content=\"article\" \/>\n<meta property=\"og:title\" content=\"Mentions l\u00e9gales\" \/>\n<meta property=\"og:description\" content=\"Teranet Manitoba LP est le propri\u00e9taire priv\u00e9 et l\u2019exploitant de Teranet Manitoba et est un fournisseur de services pour le gouvernement du Manitoba. Consulter nos modalit\u00e9s d&rsquo;utilisation. Droit d&rsquo;auteur Tous les fichiers et les instruments relatifs \u00e0 l&rsquo;enregistrement de biens-fonds et tous les fichiers et les documents relatifs \u00e0 des biens personnels \u2013 y compris&hellip; Lire la suite\" \/>\n<meta property=\"og:url\" content=\"https:\/\/teranetmanitoba.ca\/fr\/mentions-legales\/\" \/>\n<meta property=\"og:site_name\" content=\"Teranet Manitoba\" \/>\n<meta property=\"article:modified_time\" content=\"2022-12-07T14:43:44+00:00\" \/>\n<meta name=\"twitter:card\" content=\"summary_large_image\" \/>\n<script type=\"application\/ld+json\" class=\"yoast-schema-graph\">{\"@context\":\"https:\\\/\\\/schema.org\",\"@graph\":[{\"@type\":\"WebPage\",\"@id\":\"https:\\\/\\\/teranetmanitoba.ca\\\/fr\\\/mentions-legales\\\/\",\"url\":\"https:\\\/\\\/teranetmanitoba.ca\\\/fr\\\/mentions-legales\\\/\",\"name\":\"Mentions l\u00e9gales - Teranet Manitoba\",\"isPartOf\":{\"@id\":\"https:\\\/\\\/teranetmanitoba.ca\\\/#website\"},\"datePublished\":\"2019-09-13T22:25:54+00:00\",\"dateModified\":\"2022-12-07T14:43:44+00:00\",\"breadcrumb\":{\"@id\":\"https:\\\/\\\/teranetmanitoba.ca\\\/fr\\\/mentions-legales\\\/#breadcrumb\"},\"inLanguage\":\"fr-FR\",\"potentialAction\":[{\"@type\":\"ReadAction\",\"target\":[\"https:\\\/\\\/teranetmanitoba.ca\\\/fr\\\/mentions-legales\\\/\"]}]},{\"@type\":\"BreadcrumbList\",\"@id\":\"https:\\\/\\\/teranetmanitoba.ca\\\/fr\\\/mentions-legales\\\/#breadcrumb\",\"itemListElement\":[{\"@type\":\"ListItem\",\"position\":1,\"name\":\"Home\",\"item\":\"https:\\\/\\\/www.teranetmanitoba.ca\\\/fr\\\/\"},{\"@type\":\"ListItem\",\"position\":2,\"name\":\"Mentions l\u00e9gales\"}]},{\"@type\":\"WebSite\",\"@id\":\"https:\\\/\\\/teranetmanitoba.ca\\\/#website\",\"url\":\"https:\\\/\\\/teranetmanitoba.ca\\\/\",\"name\":\"Teranet Manitoba\",\"description\":\"\",\"publisher\":{\"@id\":\"https:\\\/\\\/teranetmanitoba.ca\\\/#organization\"},\"potentialAction\":[{\"@type\":\"SearchAction\",\"target\":{\"@type\":\"EntryPoint\",\"urlTemplate\":\"https:\\\/\\\/teranetmanitoba.ca\\\/?s={search_term_string}\"},\"query-input\":{\"@type\":\"PropertyValueSpecification\",\"valueRequired\":true,\"valueName\":\"search_term_string\"}}],\"inLanguage\":\"fr-FR\"},{\"@type\":\"Organization\",\"@id\":\"https:\\\/\\\/teranetmanitoba.ca\\\/#organization\",\"name\":\"Teranet Manitoba\",\"url\":\"https:\\\/\\\/teranetmanitoba.ca\\\/\",\"logo\":{\"@type\":\"ImageObject\",\"inLanguage\":\"fr-FR\",\"@id\":\"https:\\\/\\\/teranetmanitoba.ca\\\/#\\\/schema\\\/logo\\\/image\\\/\",\"url\":\"https:\\\/\\\/www.teranetmanitoba.ca\\\/wp-content\\\/uploads\\\/2024\\\/01\\\/TMB-RGB-horz-EN.png\",\"contentUrl\":\"https:\\\/\\\/www.teranetmanitoba.ca\\\/wp-content\\\/uploads\\\/2024\\\/01\\\/TMB-RGB-horz-EN.png\",\"width\":2768,\"height\":564,\"caption\":\"Teranet Manitoba\"},\"image\":{\"@id\":\"https:\\\/\\\/teranetmanitoba.ca\\\/#\\\/schema\\\/logo\\\/image\\\/\"},\"sameAs\":[\"https:\\\/\\\/www.linkedin.com\\\/company\\\/teranet-manitoba\\\/\",\"https:\\\/\\\/www.youtube.com\\\/@teranetmanitoba\"]}]}<\/script>\n<!-- \/ Yoast SEO Premium plugin. -->","yoast_head_json":{"title":"Mentions l\u00e9gales - Teranet Manitoba","robots":{"index":"index","follow":"follow","max-snippet":"max-snippet:-1","max-image-preview":"max-image-preview:large","max-video-preview":"max-video-preview:-1"},"canonical":"https:\/\/teranetmanitoba.ca\/fr\/mentions-legales\/","og_locale":"fr_FR","og_type":"article","og_title":"Mentions l\u00e9gales","og_description":"Teranet Manitoba LP est le propri\u00e9taire priv\u00e9 et l\u2019exploitant de Teranet Manitoba et est un fournisseur de services pour le gouvernement du Manitoba. Consulter nos modalit\u00e9s d&rsquo;utilisation. Droit d&rsquo;auteur Tous les fichiers et les instruments relatifs \u00e0 l&rsquo;enregistrement de biens-fonds et tous les fichiers et les documents relatifs \u00e0 des biens personnels \u2013 y compris&hellip; Lire la suite","og_url":"https:\/\/teranetmanitoba.ca\/fr\/mentions-legales\/","og_site_name":"Teranet Manitoba","article_modified_time":"2022-12-07T14:43:44+00:00","twitter_card":"summary_large_image","schema":{"@context":"https:\/\/schema.org","@graph":[{"@type":"WebPage","@id":"https:\/\/teranetmanitoba.ca\/fr\/mentions-legales\/","url":"https:\/\/teranetmanitoba.ca\/fr\/mentions-legales\/","name":"Mentions l\u00e9gales - Teranet Manitoba","isPartOf":{"@id":"https:\/\/teranetmanitoba.ca\/#website"},"datePublished":"2019-09-13T22:25:54+00:00","dateModified":"2022-12-07T14:43:44+00:00","breadcrumb":{"@id":"https:\/\/teranetmanitoba.ca\/fr\/mentions-legales\/#breadcrumb"},"inLanguage":"fr-FR","potentialAction":[{"@type":"ReadAction","target":["https:\/\/teranetmanitoba.ca\/fr\/mentions-legales\/"]}]},{"@type":"BreadcrumbList","@id":"https:\/\/teranetmanitoba.ca\/fr\/mentions-legales\/#breadcrumb","itemListElement":[{"@type":"ListItem","position":1,"name":"Home","item":"https:\/\/www.teranetmanitoba.ca\/fr\/"},{"@type":"ListItem","position":2,"name":"Mentions l\u00e9gales"}]},{"@type":"WebSite","@id":"https:\/\/teranetmanitoba.ca\/#website","url":"https:\/\/teranetmanitoba.ca\/","name":"Teranet Manitoba","description":"","publisher":{"@id":"https:\/\/teranetmanitoba.ca\/#organization"},"potentialAction":[{"@type":"SearchAction","target":{"@type":"EntryPoint","urlTemplate":"https:\/\/teranetmanitoba.ca\/?s={search_term_string}"},"query-input":{"@type":"PropertyValueSpecification","valueRequired":true,"valueName":"search_term_string"}}],"inLanguage":"fr-FR"},{"@type":"Organization","@id":"https:\/\/teranetmanitoba.ca\/#organization","name":"Teranet Manitoba","url":"https:\/\/teranetmanitoba.ca\/","logo":{"@type":"ImageObject","inLanguage":"fr-FR","@id":"https:\/\/teranetmanitoba.ca\/#\/schema\/logo\/image\/","url":"https:\/\/www.teranetmanitoba.ca\/wp-content\/uploads\/2024\/01\/TMB-RGB-horz-EN.png","contentUrl":"https:\/\/www.teranetmanitoba.ca\/wp-content\/uploads\/2024\/01\/TMB-RGB-horz-EN.png","width":2768,"height":564,"caption":"Teranet Manitoba"},"image":{"@id":"https:\/\/teranetmanitoba.ca\/#\/schema\/logo\/image\/"},"sameAs":["https:\/\/www.linkedin.com\/company\/teranet-manitoba\/","https:\/\/www.youtube.com\/@teranetmanitoba"]}]}},"_links":{"self":[{"href":"https:\/\/www.teranetmanitoba.ca\/fr\/wp-json\/wp\/v2\/pages\/2220","targetHints":{"allow":["GET"]}}],"collection":[{"href":"https:\/\/www.teranetmanitoba.ca\/fr\/wp-json\/wp\/v2\/pages"}],"about":[{"href":"https:\/\/www.teranetmanitoba.ca\/fr\/wp-json\/wp\/v2\/types\/page"}],"author":[{"embeddable":true,"href":"https:\/\/www.teranetmanitoba.ca\/fr\/wp-json\/wp\/v2\/users\/2"}],"replies":[{"embeddable":true,"href":"https:\/\/www.teranetmanitoba.ca\/fr\/wp-json\/wp\/v2\/comments?post=2220"}],"version-history":[{"count":15,"href":"https:\/\/www.teranetmanitoba.ca\/fr\/wp-json\/wp\/v2\/pages\/2220\/revisions"}],"predecessor-version":[{"id":8242,"href":"https:\/\/www.teranetmanitoba.ca\/fr\/wp-json\/wp\/v2\/pages\/2220\/revisions\/8242"}],"wp:attachment":[{"href":"https:\/\/www.teranetmanitoba.ca\/fr\/wp-json\/wp\/v2\/media?parent=2220"}],"curies":[{"name":"wp","href":"https:\/\/api.w.org\/{rel}","templated":true}]}}