{"id":2216,"date":"2019-09-13T22:26:45","date_gmt":"2019-09-13T22:26:45","guid":{"rendered":"https:\/\/teranetmanitoba.ca\/accessiblity\/"},"modified":"2024-02-29T07:00:59","modified_gmt":"2024-02-29T13:00:59","slug":"accessiblity","status":"publish","type":"page","link":"https:\/\/www.teranetmanitoba.ca\/fr\/accessiblity\/","title":{"rendered":"Accessibilit\u00e9"},"content":{"rendered":"<p>Teranet Manitoba s\u2019engage \u00e0 assurer l\u2019accessibilit\u00e9 num\u00e9rique aux personnes handicap\u00e9es. Nous am\u00e9liorons continuellement l\u2019exp\u00e9rience d\u2019utilisateur pour tous et appliquons les normes d\u2019accessibilit\u00e9 pertinentes.<\/p>\n<p>Nous nous conformons au <em>R\u00e8glement sur les normes de service \u00e0 la client\u00e8le<\/em> relevant de la <em>Loi sur l\u2019accessibilit\u00e9 pour les Manitobains<\/em>. Tous les efforts seront faits pour r\u00e9pondre aux besoins des clients ayant une d\u00e9ficience et qui ont besoin d\u2019aide. Vous pouvez obtenir de l\u2019aide en m\u00e9dias substituts sur demande aupr\u00e8s de notre directrice du service \u00e0 la client\u00e8le \u00e0\u00a0<a href=\"mailto:clientservice@teranet.ca\">clientservice@teranet.ca <\/a>ou au 1 844 737-5684.<\/p>\n<p><a href=\"https:\/\/teranetmanitoba.ca\/wp-content\/uploads\/2019\/11\/accessibility-policy-fr.pdf\">Politique d\u2019accessibilit\u00e9 de Teranet<\/a><\/p>\n<h2>\u00c9tat de conformit\u00e9<\/h2>\n<p>Les <a href=\"https:\/\/www.w3.org\/WAI\/standards-guidelines\/wcag\/\">R\u00e8gles pour l\u2019accessibilit\u00e9 des contenus Web<\/a> (Web Content Accessibility Guidelines ou WCAG) d\u00e9finissent les exigences pour les concepteurs et les d\u00e9veloppeurs afin d\u2019am\u00e9liorer l\u2019accessibilit\u00e9 pour les personnes handicap\u00e9es. Elles d\u00e9finissent trois niveaux de conformit\u00e9 : le niveau A, le niveau AA et le niveau AAA. Teranetmanitoba.ca est enti\u00e8rement conforme aux WCAG 2.1, niveau AA. Enti\u00e8rement conforme signifie que le contenu est enti\u00e8rement conforme \u00e0 la norme d\u2019accessibilit\u00e9, sans aucune exception.<\/p>\n<h2>Commentaires<\/h2>\n<p>Vos commentaires sur l\u2019accessibilit\u00e9 de Teranetmanitoba.ca sont les bienvenus. Veuillez nous informer si vous rencontrez des obstacles \u00e0 l\u2019accessibilit\u00e9 sur ce site\u00a0:<\/p>\n<ul>\n<li>T\u00e9l\u00e9phone\u00a0:\u00a01\u00a0844\u00a0737-5684<\/li>\n<li>Courriel : <a href=\"mailto:clientservice@teranet.ca\">clientservice@teranet.ca<\/a><\/li>\n<\/ul>\n<p>En personne : 500-200, avenue Graham, Winnipeg (Manitoba) R3C 4L5<\/p>\n","protected":false},"excerpt":{"rendered":"<p>Teranet Manitoba s\u2019engage \u00e0 assurer l\u2019accessibilit\u00e9 num\u00e9rique aux personnes handicap\u00e9es. Nous am\u00e9liorons continuellement l\u2019exp\u00e9rience d\u2019utilisateur pour tous et appliquons les normes d\u2019accessibilit\u00e9 pertinentes. Nous nous conformons au R\u00e8glement sur les normes de service \u00e0 la client\u00e8le relevant de la Loi sur l\u2019accessibilit\u00e9 pour les Manitobains. Tous les efforts seront faits pour r\u00e9pondre aux besoins des&hellip; <br \/> <a class=\"read-more btn btn-green-2\" href=\"https:\/\/www.teranetmanitoba.ca\/fr\/accessiblity\/\">Lire la suite<\/a><\/p>\n","protected":false},"author":2,"featured_media":0,"parent":0,"menu_order":0,"comment_status":"closed","ping_status":"closed","template":"","meta":{"_acf_changed":false,"footnotes":""},"class_list":["post-2216","page","type-page","status-publish","hentry"],"acf":[],"yoast_head":"<!-- This site is optimized with the Yoast SEO Premium plugin v27.3 (Yoast SEO v27.3) - https:\/\/yoast.com\/product\/yoast-seo-premium-wordpress\/ -->\n<title>Accessibilit\u00e9 - Teranet Manitoba<\/title>\n<meta name=\"robots\" content=\"index, follow, max-snippet:-1, max-image-preview:large, max-video-preview:-1\" \/>\n<link rel=\"canonical\" href=\"https:\/\/teranetmanitoba.ca\/fr\/accessiblity\/\" \/>\n<meta property=\"og:locale\" content=\"fr_FR\" \/>\n<meta property=\"og:type\" content=\"article\" \/>\n<meta property=\"og:title\" content=\"Accessibilit\u00e9\" \/>\n<meta property=\"og:description\" content=\"Teranet Manitoba s\u2019engage \u00e0 assurer l\u2019accessibilit\u00e9 num\u00e9rique aux personnes handicap\u00e9es. Nous am\u00e9liorons continuellement l\u2019exp\u00e9rience d\u2019utilisateur pour tous et appliquons les normes d\u2019accessibilit\u00e9 pertinentes. Nous nous conformons au R\u00e8glement sur les normes de service \u00e0 la client\u00e8le relevant de la Loi sur l\u2019accessibilit\u00e9 pour les Manitobains. Tous les efforts seront faits pour r\u00e9pondre aux besoins des&hellip; Lire la suite\" \/>\n<meta property=\"og:url\" content=\"https:\/\/teranetmanitoba.ca\/fr\/accessiblity\/\" \/>\n<meta property=\"og:site_name\" content=\"Teranet Manitoba\" \/>\n<meta property=\"article:modified_time\" content=\"2024-02-29T13:00:59+00:00\" \/>\n<meta name=\"twitter:card\" content=\"summary_large_image\" \/>\n<script type=\"application\/ld+json\" class=\"yoast-schema-graph\">{\"@context\":\"https:\\\/\\\/schema.org\",\"@graph\":[{\"@type\":\"WebPage\",\"@id\":\"https:\\\/\\\/teranetmanitoba.ca\\\/fr\\\/accessiblity\\\/\",\"url\":\"https:\\\/\\\/teranetmanitoba.ca\\\/fr\\\/accessiblity\\\/\",\"name\":\"Accessibilit\u00e9 - Teranet Manitoba\",\"isPartOf\":{\"@id\":\"https:\\\/\\\/teranetmanitoba.ca\\\/#website\"},\"datePublished\":\"2019-09-13T22:26:45+00:00\",\"dateModified\":\"2024-02-29T13:00:59+00:00\",\"breadcrumb\":{\"@id\":\"https:\\\/\\\/teranetmanitoba.ca\\\/fr\\\/accessiblity\\\/#breadcrumb\"},\"inLanguage\":\"fr-FR\",\"potentialAction\":[{\"@type\":\"ReadAction\",\"target\":[\"https:\\\/\\\/teranetmanitoba.ca\\\/fr\\\/accessiblity\\\/\"]}]},{\"@type\":\"BreadcrumbList\",\"@id\":\"https:\\\/\\\/teranetmanitoba.ca\\\/fr\\\/accessiblity\\\/#breadcrumb\",\"itemListElement\":[{\"@type\":\"ListItem\",\"position\":1,\"name\":\"Home\",\"item\":\"https:\\\/\\\/www.teranetmanitoba.ca\\\/fr\\\/\"},{\"@type\":\"ListItem\",\"position\":2,\"name\":\"Accessibilit\u00e9\"}]},{\"@type\":\"WebSite\",\"@id\":\"https:\\\/\\\/teranetmanitoba.ca\\\/#website\",\"url\":\"https:\\\/\\\/teranetmanitoba.ca\\\/\",\"name\":\"Teranet Manitoba\",\"description\":\"\",\"publisher\":{\"@id\":\"https:\\\/\\\/teranetmanitoba.ca\\\/#organization\"},\"potentialAction\":[{\"@type\":\"SearchAction\",\"target\":{\"@type\":\"EntryPoint\",\"urlTemplate\":\"https:\\\/\\\/teranetmanitoba.ca\\\/?s={search_term_string}\"},\"query-input\":{\"@type\":\"PropertyValueSpecification\",\"valueRequired\":true,\"valueName\":\"search_term_string\"}}],\"inLanguage\":\"fr-FR\"},{\"@type\":\"Organization\",\"@id\":\"https:\\\/\\\/teranetmanitoba.ca\\\/#organization\",\"name\":\"Teranet Manitoba\",\"url\":\"https:\\\/\\\/teranetmanitoba.ca\\\/\",\"logo\":{\"@type\":\"ImageObject\",\"inLanguage\":\"fr-FR\",\"@id\":\"https:\\\/\\\/teranetmanitoba.ca\\\/#\\\/schema\\\/logo\\\/image\\\/\",\"url\":\"https:\\\/\\\/www.teranetmanitoba.ca\\\/wp-content\\\/uploads\\\/2024\\\/01\\\/TMB-RGB-horz-EN.png\",\"contentUrl\":\"https:\\\/\\\/www.teranetmanitoba.ca\\\/wp-content\\\/uploads\\\/2024\\\/01\\\/TMB-RGB-horz-EN.png\",\"width\":2768,\"height\":564,\"caption\":\"Teranet Manitoba\"},\"image\":{\"@id\":\"https:\\\/\\\/teranetmanitoba.ca\\\/#\\\/schema\\\/logo\\\/image\\\/\"},\"sameAs\":[\"https:\\\/\\\/www.linkedin.com\\\/company\\\/teranet-manitoba\\\/\",\"https:\\\/\\\/www.youtube.com\\\/@teranetmanitoba\"]}]}<\/script>\n<!-- \/ Yoast SEO Premium plugin. -->","yoast_head_json":{"title":"Accessibilit\u00e9 - Teranet Manitoba","robots":{"index":"index","follow":"follow","max-snippet":"max-snippet:-1","max-image-preview":"max-image-preview:large","max-video-preview":"max-video-preview:-1"},"canonical":"https:\/\/teranetmanitoba.ca\/fr\/accessiblity\/","og_locale":"fr_FR","og_type":"article","og_title":"Accessibilit\u00e9","og_description":"Teranet Manitoba s\u2019engage \u00e0 assurer l\u2019accessibilit\u00e9 num\u00e9rique aux personnes handicap\u00e9es. Nous am\u00e9liorons continuellement l\u2019exp\u00e9rience d\u2019utilisateur pour tous et appliquons les normes d\u2019accessibilit\u00e9 pertinentes. Nous nous conformons au R\u00e8glement sur les normes de service \u00e0 la client\u00e8le relevant de la Loi sur l\u2019accessibilit\u00e9 pour les Manitobains. Tous les efforts seront faits pour r\u00e9pondre aux besoins des&hellip; Lire la suite","og_url":"https:\/\/teranetmanitoba.ca\/fr\/accessiblity\/","og_site_name":"Teranet Manitoba","article_modified_time":"2024-02-29T13:00:59+00:00","twitter_card":"summary_large_image","schema":{"@context":"https:\/\/schema.org","@graph":[{"@type":"WebPage","@id":"https:\/\/teranetmanitoba.ca\/fr\/accessiblity\/","url":"https:\/\/teranetmanitoba.ca\/fr\/accessiblity\/","name":"Accessibilit\u00e9 - Teranet Manitoba","isPartOf":{"@id":"https:\/\/teranetmanitoba.ca\/#website"},"datePublished":"2019-09-13T22:26:45+00:00","dateModified":"2024-02-29T13:00:59+00:00","breadcrumb":{"@id":"https:\/\/teranetmanitoba.ca\/fr\/accessiblity\/#breadcrumb"},"inLanguage":"fr-FR","potentialAction":[{"@type":"ReadAction","target":["https:\/\/teranetmanitoba.ca\/fr\/accessiblity\/"]}]},{"@type":"BreadcrumbList","@id":"https:\/\/teranetmanitoba.ca\/fr\/accessiblity\/#breadcrumb","itemListElement":[{"@type":"ListItem","position":1,"name":"Home","item":"https:\/\/www.teranetmanitoba.ca\/fr\/"},{"@type":"ListItem","position":2,"name":"Accessibilit\u00e9"}]},{"@type":"WebSite","@id":"https:\/\/teranetmanitoba.ca\/#website","url":"https:\/\/teranetmanitoba.ca\/","name":"Teranet Manitoba","description":"","publisher":{"@id":"https:\/\/teranetmanitoba.ca\/#organization"},"potentialAction":[{"@type":"SearchAction","target":{"@type":"EntryPoint","urlTemplate":"https:\/\/teranetmanitoba.ca\/?s={search_term_string}"},"query-input":{"@type":"PropertyValueSpecification","valueRequired":true,"valueName":"search_term_string"}}],"inLanguage":"fr-FR"},{"@type":"Organization","@id":"https:\/\/teranetmanitoba.ca\/#organization","name":"Teranet Manitoba","url":"https:\/\/teranetmanitoba.ca\/","logo":{"@type":"ImageObject","inLanguage":"fr-FR","@id":"https:\/\/teranetmanitoba.ca\/#\/schema\/logo\/image\/","url":"https:\/\/www.teranetmanitoba.ca\/wp-content\/uploads\/2024\/01\/TMB-RGB-horz-EN.png","contentUrl":"https:\/\/www.teranetmanitoba.ca\/wp-content\/uploads\/2024\/01\/TMB-RGB-horz-EN.png","width":2768,"height":564,"caption":"Teranet Manitoba"},"image":{"@id":"https:\/\/teranetmanitoba.ca\/#\/schema\/logo\/image\/"},"sameAs":["https:\/\/www.linkedin.com\/company\/teranet-manitoba\/","https:\/\/www.youtube.com\/@teranetmanitoba"]}]}},"_links":{"self":[{"href":"https:\/\/www.teranetmanitoba.ca\/fr\/wp-json\/wp\/v2\/pages\/2216","targetHints":{"allow":["GET"]}}],"collection":[{"href":"https:\/\/www.teranetmanitoba.ca\/fr\/wp-json\/wp\/v2\/pages"}],"about":[{"href":"https:\/\/www.teranetmanitoba.ca\/fr\/wp-json\/wp\/v2\/types\/page"}],"author":[{"embeddable":true,"href":"https:\/\/www.teranetmanitoba.ca\/fr\/wp-json\/wp\/v2\/users\/2"}],"replies":[{"embeddable":true,"href":"https:\/\/www.teranetmanitoba.ca\/fr\/wp-json\/wp\/v2\/comments?post=2216"}],"version-history":[{"count":12,"href":"https:\/\/www.teranetmanitoba.ca\/fr\/wp-json\/wp\/v2\/pages\/2216\/revisions"}],"predecessor-version":[{"id":11328,"href":"https:\/\/www.teranetmanitoba.ca\/fr\/wp-json\/wp\/v2\/pages\/2216\/revisions\/11328"}],"wp:attachment":[{"href":"https:\/\/www.teranetmanitoba.ca\/fr\/wp-json\/wp\/v2\/media?parent=2216"}],"curies":[{"name":"wp","href":"https:\/\/api.w.org\/{rel}","templated":true}]}}