{"id":2211,"date":"2019-09-10T00:58:24","date_gmt":"2019-09-10T00:58:24","guid":{"rendered":"https:\/\/teranetmanitoba.ca\/about-us\/skateholder-advisory-council\/"},"modified":"2025-05-20T13:50:27","modified_gmt":"2025-05-20T18:50:27","slug":"conseil-consultatif-des-intervenants","status":"publish","type":"page","link":"https:\/\/www.teranetmanitoba.ca\/fr\/a-propos-de-nous\/conseil-consultatif-des-intervenants\/","title":{"rendered":"Conseil consultatif des intervenants"},"content":{"rendered":"<p><span style=\"color: #55565b;\">Le Conseil consultatif des intervenants est con\u00e7u pour offrir aux clients de Teranet Manitoba un forum o\u00f9 ils peuvent sugg\u00e9rer des moyens d\u2019am\u00e9liorer les services, aborder des enjeux importants et examiner diverses possibilit\u00e9s.\u00a0<\/span><\/p>\n<h2><span style=\"color: #55565b;\">Membres du Conseil<\/span><\/h2>\n<p><span style=\"color: #55565b;\">Le Conseil se compose d\u2019un \u00e9chantillon repr\u00e9sentatif des groupes de clients de l\u2019Office au Manitoba.<\/span><\/p>\n<ul>\n<li><span style=\"color: #55565b;\">Alec Stuart, <span style=\"color: #4c7a15;\"><a style=\"color: #4c7a15;\" href=\"https:\/\/www.hydro.mb.ca\/\" target=\"_blank\" rel=\"noopener\">Manitoba Hydro<\/a><\/span><\/span><\/li>\n<li><span style=\"color: #55565b;\">Derrick Stewart, <span style=\"color: #4c7a15;\"><a style=\"color: #4c7a15;\" href=\"https:\/\/www.jandggroup.ca\/\" target=\"_blank\" rel=\"noopener\">Jacobson &amp; Greiner Group<\/a><\/span><\/span><span style=\"color: #55565b;\"><br \/>\n<\/span><\/li>\n<li><span style=\"color: #55565b;\">Glenda Hayward, <a href=\"https:\/\/cucc-cu.ca\/\" target=\"_blank\" rel=\"noopener\">Credit Union Central<\/a><\/span><\/li>\n<li><span style=\"color: #55565b;\">Jason Bryk, <span style=\"color: #4c7a15;\"><a style=\"color: #4c7a15;\" href=\"https:\/\/www.cba-mb.ca\/Sections\/Real-Property\" target=\"_blank\" rel=\"noopener\">Manitoba Bar Association<\/a><\/span><\/span><\/li>\n<li><span style=\"color: #55565b;\">Jeff Shypit,<span style=\"color: #4c7a15;\"> <a style=\"color: #4c7a15;\" href=\"http:\/\/rsswlawyers.com\/\" target=\"_blank\" rel=\"noopener\">Robertson Shypit Soble Wood<\/a><\/span><\/span><\/li>\n<li><span style=\"color: #55565b;\">Jeff Smith,<span style=\"color: #4c7a15;\"> <a style=\"color: #4c7a15;\" href=\"https:\/\/www.winnipeg.ca\/\" target=\"_blank\" rel=\"noopener\">City of Winnipeg<\/a><\/span><\/span><\/li>\n<li><span style=\"color: #55565b;\">Julie Friesen, <span style=\"color: #4c7a15;\"><a style=\"color: #4c7a15;\" href=\"https:\/\/realestatemanitoba.com\/\" target=\"_blank\" rel=\"noopener\">Manitoba Real Estate Association<\/a><\/span><\/span><\/li>\n<li><span style=\"color: #55565b;\">Kim Kostelnyk, <a href=\"https:\/\/www.gov.mb.ca\/central\/\" target=\"_blank\" rel=\"noopener\">Consumer Protection and Government Services, Government of Manitoba<\/a><\/span><\/li>\n<li><span style=\"color: #55565b;\">Kate Craton, <span style=\"color: #4c7a15;\"><a style=\"color: #4c7a15;\" href=\"https:\/\/lawsociety.mb.ca\/\" target=\"_blank\" rel=\"noopener\">Law Society of Manitoba<\/a><\/span><\/span><\/li>\n<li><span style=\"color: #55565b;\">Lanny McInnes, <span style=\"color: #4c7a15;\"><a style=\"color: #4c7a15;\" href=\"https:\/\/www.homebuilders.mb.ca\/\" target=\"_blank\" rel=\"noopener\">Manitoba Home Builders Association<\/a><\/span><\/span><span style=\"color: #55565b;\"><br \/>\n<\/span><\/li>\n<li><span style=\"color: #55565b;\">Larissa Sveinson, <a href=\"https:\/\/www.gov.mb.ca\/mr\/land_use_dev\/cps.html\" target=\"_blank\" rel=\"noopener\">Community Planning Branch, Government of Manitoba<\/a><\/span><\/li>\n<li><span style=\"color: #55565b;\">Michael Carruthers, <span style=\"color: #4c7a15;\"><a style=\"color: #4c7a15;\" href=\"https:\/\/udimanitoba.ca\/\" target=\"_blank\" rel=\"noopener\">Urban Development Institute of Manitoba<\/a><\/span><\/span><\/li>\n<li><span style=\"color: #55565b;\"><span data-olk-copy-source=\"MessageBody\">Denise Finlay<\/span>, <span style=\"color: #4c7a15;\"><a style=\"color: #4c7a15;\" href=\"https:\/\/www.gov.mb.ca\/registrar-general\/\" target=\"_blank\" rel=\"noopener\">Office of the Registrar-General, Government of Manitoba<\/a><\/span><\/span><\/li>\n<li>Stephen Walker, <a href=\"https:\/\/www.gov.mb.ca\/mr\/land_use_dev\/cps.html\" target=\"_blank\" rel=\"noopener\">Community Planning Branch, Government of Manitoba<\/a><\/li>\n<\/ul>\n","protected":false},"excerpt":{"rendered":"<p>Le Conseil consultatif des intervenants est con\u00e7u pour offrir aux clients de Teranet Manitoba un forum o\u00f9 ils peuvent sugg\u00e9rer des moyens d\u2019am\u00e9liorer les services, aborder des enjeux importants et examiner diverses possibilit\u00e9s.\u00a0 Membres du Conseil Le Conseil se compose d\u2019un \u00e9chantillon repr\u00e9sentatif des groupes de clients de l\u2019Office au Manitoba. Alec Stuart, Manitoba Hydro&hellip; <br \/> <a class=\"read-more btn btn-green-2\" href=\"https:\/\/www.teranetmanitoba.ca\/fr\/a-propos-de-nous\/conseil-consultatif-des-intervenants\/\">Lire la suite<\/a><\/p>\n","protected":false},"author":2,"featured_media":2749,"parent":2179,"menu_order":0,"comment_status":"closed","ping_status":"closed","template":"","meta":{"_acf_changed":false,"footnotes":""},"class_list":["post-2211","page","type-page","status-publish","has-post-thumbnail","hentry"],"acf":[],"yoast_head":"<!-- This site is optimized with the Yoast SEO Premium plugin v27.3 (Yoast SEO v27.3) - https:\/\/yoast.com\/product\/yoast-seo-premium-wordpress\/ -->\n<title>Conseil consultatif des intervenants - Teranet Manitoba<\/title>\n<meta name=\"robots\" content=\"index, follow, max-snippet:-1, max-image-preview:large, max-video-preview:-1\" \/>\n<link rel=\"canonical\" href=\"https:\/\/teranetmanitoba.ca\/fr\/a-propos-de-nous\/conseil-consultatif-des-intervenants\/\" \/>\n<meta property=\"og:locale\" content=\"fr_FR\" \/>\n<meta property=\"og:type\" content=\"article\" \/>\n<meta property=\"og:title\" content=\"Conseil consultatif des intervenants\" \/>\n<meta property=\"og:description\" content=\"Le Conseil consultatif des intervenants est con\u00e7u pour offrir aux clients de Teranet Manitoba un forum o\u00f9 ils peuvent sugg\u00e9rer des moyens d\u2019am\u00e9liorer les services, aborder des enjeux importants et examiner diverses possibilit\u00e9s.\u00a0 Membres du Conseil Le Conseil se compose d\u2019un \u00e9chantillon repr\u00e9sentatif des groupes de clients de l\u2019Office au Manitoba. Alec Stuart, Manitoba Hydro&hellip; Lire la suite\" \/>\n<meta property=\"og:url\" content=\"https:\/\/teranetmanitoba.ca\/fr\/a-propos-de-nous\/conseil-consultatif-des-intervenants\/\" \/>\n<meta property=\"og:site_name\" content=\"Teranet Manitoba\" \/>\n<meta property=\"article:modified_time\" content=\"2025-05-20T18:50:27+00:00\" \/>\n<meta property=\"og:image\" content=\"https:\/\/teranetmanitoba.ca\/wp-content\/uploads\/2019\/11\/aboutussection.jpg\" \/>\n\t<meta property=\"og:image:width\" content=\"1766\" \/>\n\t<meta property=\"og:image:height\" content=\"1179\" \/>\n\t<meta property=\"og:image:type\" content=\"image\/jpeg\" \/>\n<meta name=\"twitter:card\" content=\"summary_large_image\" \/>\n<script type=\"application\/ld+json\" class=\"yoast-schema-graph\">{\"@context\":\"https:\\\/\\\/schema.org\",\"@graph\":[{\"@type\":\"WebPage\",\"@id\":\"https:\\\/\\\/teranetmanitoba.ca\\\/fr\\\/a-propos-de-nous\\\/conseil-consultatif-des-intervenants\\\/\",\"url\":\"https:\\\/\\\/teranetmanitoba.ca\\\/fr\\\/a-propos-de-nous\\\/conseil-consultatif-des-intervenants\\\/\",\"name\":\"Conseil consultatif des intervenants - Teranet Manitoba\",\"isPartOf\":{\"@id\":\"https:\\\/\\\/teranetmanitoba.ca\\\/#website\"},\"primaryImageOfPage\":{\"@id\":\"https:\\\/\\\/teranetmanitoba.ca\\\/fr\\\/a-propos-de-nous\\\/conseil-consultatif-des-intervenants\\\/#primaryimage\"},\"image\":{\"@id\":\"https:\\\/\\\/teranetmanitoba.ca\\\/fr\\\/a-propos-de-nous\\\/conseil-consultatif-des-intervenants\\\/#primaryimage\"},\"thumbnailUrl\":\"https:\\\/\\\/www.teranetmanitoba.ca\\\/wp-content\\\/uploads\\\/2019\\\/11\\\/aboutussection.jpg\",\"datePublished\":\"2019-09-10T00:58:24+00:00\",\"dateModified\":\"2025-05-20T18:50:27+00:00\",\"breadcrumb\":{\"@id\":\"https:\\\/\\\/teranetmanitoba.ca\\\/fr\\\/a-propos-de-nous\\\/conseil-consultatif-des-intervenants\\\/#breadcrumb\"},\"inLanguage\":\"fr-FR\",\"potentialAction\":[{\"@type\":\"ReadAction\",\"target\":[\"https:\\\/\\\/teranetmanitoba.ca\\\/fr\\\/a-propos-de-nous\\\/conseil-consultatif-des-intervenants\\\/\"]}]},{\"@type\":\"ImageObject\",\"inLanguage\":\"fr-FR\",\"@id\":\"https:\\\/\\\/teranetmanitoba.ca\\\/fr\\\/a-propos-de-nous\\\/conseil-consultatif-des-intervenants\\\/#primaryimage\",\"url\":\"https:\\\/\\\/www.teranetmanitoba.ca\\\/wp-content\\\/uploads\\\/2019\\\/11\\\/aboutussection.jpg\",\"contentUrl\":\"https:\\\/\\\/www.teranetmanitoba.ca\\\/wp-content\\\/uploads\\\/2019\\\/11\\\/aboutussection.jpg\",\"width\":1766,\"height\":1179,\"caption\":\"Rearview shot of a young woman working in a call centre\"},{\"@type\":\"BreadcrumbList\",\"@id\":\"https:\\\/\\\/teranetmanitoba.ca\\\/fr\\\/a-propos-de-nous\\\/conseil-consultatif-des-intervenants\\\/#breadcrumb\",\"itemListElement\":[{\"@type\":\"ListItem\",\"position\":1,\"name\":\"Home\",\"item\":\"https:\\\/\\\/www.teranetmanitoba.ca\\\/fr\\\/\"},{\"@type\":\"ListItem\",\"position\":2,\"name\":\"\u00c0 propos de nous\",\"item\":\"https:\\\/\\\/teranetmanitoba.ca\\\/fr\\\/a-propos-de-nous\\\/\"},{\"@type\":\"ListItem\",\"position\":3,\"name\":\"Conseil consultatif des intervenants\"}]},{\"@type\":\"WebSite\",\"@id\":\"https:\\\/\\\/teranetmanitoba.ca\\\/#website\",\"url\":\"https:\\\/\\\/teranetmanitoba.ca\\\/\",\"name\":\"Teranet Manitoba\",\"description\":\"\",\"publisher\":{\"@id\":\"https:\\\/\\\/teranetmanitoba.ca\\\/#organization\"},\"potentialAction\":[{\"@type\":\"SearchAction\",\"target\":{\"@type\":\"EntryPoint\",\"urlTemplate\":\"https:\\\/\\\/teranetmanitoba.ca\\\/?s={search_term_string}\"},\"query-input\":{\"@type\":\"PropertyValueSpecification\",\"valueRequired\":true,\"valueName\":\"search_term_string\"}}],\"inLanguage\":\"fr-FR\"},{\"@type\":\"Organization\",\"@id\":\"https:\\\/\\\/teranetmanitoba.ca\\\/#organization\",\"name\":\"Teranet Manitoba\",\"url\":\"https:\\\/\\\/teranetmanitoba.ca\\\/\",\"logo\":{\"@type\":\"ImageObject\",\"inLanguage\":\"fr-FR\",\"@id\":\"https:\\\/\\\/teranetmanitoba.ca\\\/#\\\/schema\\\/logo\\\/image\\\/\",\"url\":\"https:\\\/\\\/www.teranetmanitoba.ca\\\/wp-content\\\/uploads\\\/2024\\\/01\\\/TMB-RGB-horz-EN.png\",\"contentUrl\":\"https:\\\/\\\/www.teranetmanitoba.ca\\\/wp-content\\\/uploads\\\/2024\\\/01\\\/TMB-RGB-horz-EN.png\",\"width\":2768,\"height\":564,\"caption\":\"Teranet Manitoba\"},\"image\":{\"@id\":\"https:\\\/\\\/teranetmanitoba.ca\\\/#\\\/schema\\\/logo\\\/image\\\/\"},\"sameAs\":[\"https:\\\/\\\/www.linkedin.com\\\/company\\\/teranet-manitoba\\\/\",\"https:\\\/\\\/www.youtube.com\\\/@teranetmanitoba\"]}]}<\/script>\n<!-- \/ Yoast SEO Premium plugin. -->","yoast_head_json":{"title":"Conseil consultatif des intervenants - Teranet Manitoba","robots":{"index":"index","follow":"follow","max-snippet":"max-snippet:-1","max-image-preview":"max-image-preview:large","max-video-preview":"max-video-preview:-1"},"canonical":"https:\/\/teranetmanitoba.ca\/fr\/a-propos-de-nous\/conseil-consultatif-des-intervenants\/","og_locale":"fr_FR","og_type":"article","og_title":"Conseil consultatif des intervenants","og_description":"Le Conseil consultatif des intervenants est con\u00e7u pour offrir aux clients de Teranet Manitoba un forum o\u00f9 ils peuvent sugg\u00e9rer des moyens d\u2019am\u00e9liorer les services, aborder des enjeux importants et examiner diverses possibilit\u00e9s.\u00a0 Membres du Conseil Le Conseil se compose d\u2019un \u00e9chantillon repr\u00e9sentatif des groupes de clients de l\u2019Office au Manitoba. Alec Stuart, Manitoba Hydro&hellip; Lire la suite","og_url":"https:\/\/teranetmanitoba.ca\/fr\/a-propos-de-nous\/conseil-consultatif-des-intervenants\/","og_site_name":"Teranet Manitoba","article_modified_time":"2025-05-20T18:50:27+00:00","og_image":[{"width":1766,"height":1179,"url":"https:\/\/teranetmanitoba.ca\/wp-content\/uploads\/2019\/11\/aboutussection.jpg","type":"image\/jpeg"}],"twitter_card":"summary_large_image","schema":{"@context":"https:\/\/schema.org","@graph":[{"@type":"WebPage","@id":"https:\/\/teranetmanitoba.ca\/fr\/a-propos-de-nous\/conseil-consultatif-des-intervenants\/","url":"https:\/\/teranetmanitoba.ca\/fr\/a-propos-de-nous\/conseil-consultatif-des-intervenants\/","name":"Conseil consultatif des intervenants - Teranet Manitoba","isPartOf":{"@id":"https:\/\/teranetmanitoba.ca\/#website"},"primaryImageOfPage":{"@id":"https:\/\/teranetmanitoba.ca\/fr\/a-propos-de-nous\/conseil-consultatif-des-intervenants\/#primaryimage"},"image":{"@id":"https:\/\/teranetmanitoba.ca\/fr\/a-propos-de-nous\/conseil-consultatif-des-intervenants\/#primaryimage"},"thumbnailUrl":"https:\/\/www.teranetmanitoba.ca\/wp-content\/uploads\/2019\/11\/aboutussection.jpg","datePublished":"2019-09-10T00:58:24+00:00","dateModified":"2025-05-20T18:50:27+00:00","breadcrumb":{"@id":"https:\/\/teranetmanitoba.ca\/fr\/a-propos-de-nous\/conseil-consultatif-des-intervenants\/#breadcrumb"},"inLanguage":"fr-FR","potentialAction":[{"@type":"ReadAction","target":["https:\/\/teranetmanitoba.ca\/fr\/a-propos-de-nous\/conseil-consultatif-des-intervenants\/"]}]},{"@type":"ImageObject","inLanguage":"fr-FR","@id":"https:\/\/teranetmanitoba.ca\/fr\/a-propos-de-nous\/conseil-consultatif-des-intervenants\/#primaryimage","url":"https:\/\/www.teranetmanitoba.ca\/wp-content\/uploads\/2019\/11\/aboutussection.jpg","contentUrl":"https:\/\/www.teranetmanitoba.ca\/wp-content\/uploads\/2019\/11\/aboutussection.jpg","width":1766,"height":1179,"caption":"Rearview shot of a young woman working in a call centre"},{"@type":"BreadcrumbList","@id":"https:\/\/teranetmanitoba.ca\/fr\/a-propos-de-nous\/conseil-consultatif-des-intervenants\/#breadcrumb","itemListElement":[{"@type":"ListItem","position":1,"name":"Home","item":"https:\/\/www.teranetmanitoba.ca\/fr\/"},{"@type":"ListItem","position":2,"name":"\u00c0 propos de nous","item":"https:\/\/teranetmanitoba.ca\/fr\/a-propos-de-nous\/"},{"@type":"ListItem","position":3,"name":"Conseil consultatif des intervenants"}]},{"@type":"WebSite","@id":"https:\/\/teranetmanitoba.ca\/#website","url":"https:\/\/teranetmanitoba.ca\/","name":"Teranet Manitoba","description":"","publisher":{"@id":"https:\/\/teranetmanitoba.ca\/#organization"},"potentialAction":[{"@type":"SearchAction","target":{"@type":"EntryPoint","urlTemplate":"https:\/\/teranetmanitoba.ca\/?s={search_term_string}"},"query-input":{"@type":"PropertyValueSpecification","valueRequired":true,"valueName":"search_term_string"}}],"inLanguage":"fr-FR"},{"@type":"Organization","@id":"https:\/\/teranetmanitoba.ca\/#organization","name":"Teranet Manitoba","url":"https:\/\/teranetmanitoba.ca\/","logo":{"@type":"ImageObject","inLanguage":"fr-FR","@id":"https:\/\/teranetmanitoba.ca\/#\/schema\/logo\/image\/","url":"https:\/\/www.teranetmanitoba.ca\/wp-content\/uploads\/2024\/01\/TMB-RGB-horz-EN.png","contentUrl":"https:\/\/www.teranetmanitoba.ca\/wp-content\/uploads\/2024\/01\/TMB-RGB-horz-EN.png","width":2768,"height":564,"caption":"Teranet Manitoba"},"image":{"@id":"https:\/\/teranetmanitoba.ca\/#\/schema\/logo\/image\/"},"sameAs":["https:\/\/www.linkedin.com\/company\/teranet-manitoba\/","https:\/\/www.youtube.com\/@teranetmanitoba"]}]}},"_links":{"self":[{"href":"https:\/\/www.teranetmanitoba.ca\/fr\/wp-json\/wp\/v2\/pages\/2211","targetHints":{"allow":["GET"]}}],"collection":[{"href":"https:\/\/www.teranetmanitoba.ca\/fr\/wp-json\/wp\/v2\/pages"}],"about":[{"href":"https:\/\/www.teranetmanitoba.ca\/fr\/wp-json\/wp\/v2\/types\/page"}],"author":[{"embeddable":true,"href":"https:\/\/www.teranetmanitoba.ca\/fr\/wp-json\/wp\/v2\/users\/2"}],"replies":[{"embeddable":true,"href":"https:\/\/www.teranetmanitoba.ca\/fr\/wp-json\/wp\/v2\/comments?post=2211"}],"version-history":[{"count":49,"href":"https:\/\/www.teranetmanitoba.ca\/fr\/wp-json\/wp\/v2\/pages\/2211\/revisions"}],"predecessor-version":[{"id":12887,"href":"https:\/\/www.teranetmanitoba.ca\/fr\/wp-json\/wp\/v2\/pages\/2211\/revisions\/12887"}],"up":[{"embeddable":true,"href":"https:\/\/www.teranetmanitoba.ca\/fr\/wp-json\/wp\/v2\/pages\/2179"}],"wp:featuredmedia":[{"embeddable":true,"href":"https:\/\/www.teranetmanitoba.ca\/fr\/wp-json\/wp\/v2\/media\/2749"}],"wp:attachment":[{"href":"https:\/\/www.teranetmanitoba.ca\/fr\/wp-json\/wp\/v2\/media?parent=2211"}],"curies":[{"name":"wp","href":"https:\/\/api.w.org\/{rel}","templated":true}]}}