{"id":2197,"date":"2019-09-09T23:45:28","date_gmt":"2019-09-09T23:45:28","guid":{"rendered":"https:\/\/teranetmanitoba.ca\/about-us\/leadership-team\/"},"modified":"2026-01-08T10:22:13","modified_gmt":"2026-01-08T16:22:13","slug":"equipe-de-direction","status":"publish","type":"page","link":"https:\/\/www.teranetmanitoba.ca\/fr\/a-propos-de-nous\/equipe-de-direction\/","title":{"rendered":"\u00c9quipe de direction"},"content":{"rendered":"<div class=\"main-content\">\n<div class=\"main-content\">\n<p>L&rsquo;\u00e9quipe de direction de Teranet Manitoba d\u00e9finit notre orientation strat\u00e9gique et dirige notre \u00e9quipe diversifi\u00e9e d&#8217;employ\u00e9s dans toute la province.<\/p>\n<\/div>\n<\/div>\n","protected":false},"excerpt":{"rendered":"<p>L&rsquo;\u00e9quipe de direction de Teranet Manitoba d\u00e9finit notre orientation strat\u00e9gique et dirige notre \u00e9quipe diversifi\u00e9e d&#8217;employ\u00e9s dans toute la province.<\/p>\n","protected":false},"author":2,"featured_media":2749,"parent":2179,"menu_order":0,"comment_status":"closed","ping_status":"closed","template":"page-leadership-team.php","meta":{"_acf_changed":false,"footnotes":""},"class_list":["post-2197","page","type-page","status-publish","has-post-thumbnail","hentry"],"acf":[],"yoast_head":"<!-- This site is optimized with the Yoast SEO Premium plugin v27.3 (Yoast SEO v27.3) - https:\/\/yoast.com\/product\/yoast-seo-premium-wordpress\/ -->\n<title>\u00c9quipe de direction - Teranet Manitoba<\/title>\n<meta name=\"robots\" content=\"index, follow, max-snippet:-1, max-image-preview:large, max-video-preview:-1\" \/>\n<link rel=\"canonical\" href=\"https:\/\/www.teranetmanitoba.ca\/about-teranet-manitoba\/leadership-team\/\" \/>\n<meta property=\"og:locale\" content=\"fr_FR\" \/>\n<meta property=\"og:type\" content=\"article\" \/>\n<meta property=\"og:title\" content=\"\u00c9quipe de direction\" \/>\n<meta property=\"og:description\" content=\"L&rsquo;\u00e9quipe de direction de Teranet Manitoba d\u00e9finit notre orientation strat\u00e9gique et dirige notre \u00e9quipe diversifi\u00e9e d&#8217;employ\u00e9s dans toute la province.\" \/>\n<meta property=\"og:url\" content=\"https:\/\/www.teranetmanitoba.ca\/about-teranet-manitoba\/leadership-team\/\" \/>\n<meta property=\"og:site_name\" content=\"Teranet Manitoba\" \/>\n<meta property=\"article:modified_time\" content=\"2026-01-08T16:22:13+00:00\" \/>\n<meta property=\"og:image\" content=\"https:\/\/www.teranetmanitoba.ca\/wp-content\/uploads\/2019\/11\/aboutussection.jpg\" \/>\n\t<meta property=\"og:image:width\" content=\"1766\" \/>\n\t<meta property=\"og:image:height\" content=\"1179\" \/>\n\t<meta property=\"og:image:type\" content=\"image\/jpeg\" \/>\n<meta name=\"twitter:card\" content=\"summary_large_image\" \/>\n<script type=\"application\/ld+json\" class=\"yoast-schema-graph\">{\"@context\":\"https:\\\/\\\/schema.org\",\"@graph\":[{\"@type\":\"WebPage\",\"@id\":\"https:\\\/\\\/www.teranetmanitoba.ca\\\/about-teranet-manitoba\\\/leadership-team\\\/\",\"url\":\"https:\\\/\\\/www.teranetmanitoba.ca\\\/about-teranet-manitoba\\\/leadership-team\\\/\",\"name\":\"\u00c9quipe de direction - Teranet Manitoba\",\"isPartOf\":{\"@id\":\"https:\\\/\\\/teranetmanitoba.ca\\\/#website\"},\"primaryImageOfPage\":{\"@id\":\"https:\\\/\\\/www.teranetmanitoba.ca\\\/about-teranet-manitoba\\\/leadership-team\\\/#primaryimage\"},\"image\":{\"@id\":\"https:\\\/\\\/www.teranetmanitoba.ca\\\/about-teranet-manitoba\\\/leadership-team\\\/#primaryimage\"},\"thumbnailUrl\":\"https:\\\/\\\/www.teranetmanitoba.ca\\\/wp-content\\\/uploads\\\/2019\\\/11\\\/aboutussection.jpg\",\"datePublished\":\"2019-09-09T23:45:28+00:00\",\"dateModified\":\"2026-01-08T16:22:13+00:00\",\"breadcrumb\":{\"@id\":\"https:\\\/\\\/www.teranetmanitoba.ca\\\/about-teranet-manitoba\\\/leadership-team\\\/#breadcrumb\"},\"inLanguage\":\"fr-FR\",\"potentialAction\":[{\"@type\":\"ReadAction\",\"target\":[\"https:\\\/\\\/www.teranetmanitoba.ca\\\/about-teranet-manitoba\\\/leadership-team\\\/\"]}]},{\"@type\":\"ImageObject\",\"inLanguage\":\"fr-FR\",\"@id\":\"https:\\\/\\\/www.teranetmanitoba.ca\\\/about-teranet-manitoba\\\/leadership-team\\\/#primaryimage\",\"url\":\"https:\\\/\\\/www.teranetmanitoba.ca\\\/wp-content\\\/uploads\\\/2019\\\/11\\\/aboutussection.jpg\",\"contentUrl\":\"https:\\\/\\\/www.teranetmanitoba.ca\\\/wp-content\\\/uploads\\\/2019\\\/11\\\/aboutussection.jpg\",\"width\":1766,\"height\":1179,\"caption\":\"Rearview shot of a young woman working in a call centre\"},{\"@type\":\"BreadcrumbList\",\"@id\":\"https:\\\/\\\/www.teranetmanitoba.ca\\\/about-teranet-manitoba\\\/leadership-team\\\/#breadcrumb\",\"itemListElement\":[{\"@type\":\"ListItem\",\"position\":1,\"name\":\"Home\",\"item\":\"https:\\\/\\\/www.teranetmanitoba.ca\\\/fr\\\/\"},{\"@type\":\"ListItem\",\"position\":2,\"name\":\"\u00c0 propos de nous\",\"item\":\"https:\\\/\\\/teranetmanitoba.ca\\\/fr\\\/a-propos-de-nous\\\/\"},{\"@type\":\"ListItem\",\"position\":3,\"name\":\"\u00c9quipe de direction\"}]},{\"@type\":\"WebSite\",\"@id\":\"https:\\\/\\\/teranetmanitoba.ca\\\/#website\",\"url\":\"https:\\\/\\\/teranetmanitoba.ca\\\/\",\"name\":\"Teranet Manitoba\",\"description\":\"\",\"publisher\":{\"@id\":\"https:\\\/\\\/teranetmanitoba.ca\\\/#organization\"},\"potentialAction\":[{\"@type\":\"SearchAction\",\"target\":{\"@type\":\"EntryPoint\",\"urlTemplate\":\"https:\\\/\\\/teranetmanitoba.ca\\\/?s={search_term_string}\"},\"query-input\":{\"@type\":\"PropertyValueSpecification\",\"valueRequired\":true,\"valueName\":\"search_term_string\"}}],\"inLanguage\":\"fr-FR\"},{\"@type\":\"Organization\",\"@id\":\"https:\\\/\\\/teranetmanitoba.ca\\\/#organization\",\"name\":\"Teranet Manitoba\",\"url\":\"https:\\\/\\\/teranetmanitoba.ca\\\/\",\"logo\":{\"@type\":\"ImageObject\",\"inLanguage\":\"fr-FR\",\"@id\":\"https:\\\/\\\/teranetmanitoba.ca\\\/#\\\/schema\\\/logo\\\/image\\\/\",\"url\":\"https:\\\/\\\/www.teranetmanitoba.ca\\\/wp-content\\\/uploads\\\/2024\\\/01\\\/TMB-RGB-horz-EN.png\",\"contentUrl\":\"https:\\\/\\\/www.teranetmanitoba.ca\\\/wp-content\\\/uploads\\\/2024\\\/01\\\/TMB-RGB-horz-EN.png\",\"width\":2768,\"height\":564,\"caption\":\"Teranet Manitoba\"},\"image\":{\"@id\":\"https:\\\/\\\/teranetmanitoba.ca\\\/#\\\/schema\\\/logo\\\/image\\\/\"},\"sameAs\":[\"https:\\\/\\\/www.linkedin.com\\\/company\\\/teranet-manitoba\\\/\",\"https:\\\/\\\/www.youtube.com\\\/@teranetmanitoba\"]}]}<\/script>\n<!-- \/ Yoast SEO Premium plugin. -->","yoast_head_json":{"title":"\u00c9quipe de direction - Teranet Manitoba","robots":{"index":"index","follow":"follow","max-snippet":"max-snippet:-1","max-image-preview":"max-image-preview:large","max-video-preview":"max-video-preview:-1"},"canonical":"https:\/\/www.teranetmanitoba.ca\/about-teranet-manitoba\/leadership-team\/","og_locale":"fr_FR","og_type":"article","og_title":"\u00c9quipe de direction","og_description":"L&rsquo;\u00e9quipe de direction de Teranet Manitoba d\u00e9finit notre orientation strat\u00e9gique et dirige notre \u00e9quipe diversifi\u00e9e d&#8217;employ\u00e9s dans toute la province.","og_url":"https:\/\/www.teranetmanitoba.ca\/about-teranet-manitoba\/leadership-team\/","og_site_name":"Teranet Manitoba","article_modified_time":"2026-01-08T16:22:13+00:00","og_image":[{"width":1766,"height":1179,"url":"https:\/\/www.teranetmanitoba.ca\/wp-content\/uploads\/2019\/11\/aboutussection.jpg","type":"image\/jpeg"}],"twitter_card":"summary_large_image","schema":{"@context":"https:\/\/schema.org","@graph":[{"@type":"WebPage","@id":"https:\/\/www.teranetmanitoba.ca\/about-teranet-manitoba\/leadership-team\/","url":"https:\/\/www.teranetmanitoba.ca\/about-teranet-manitoba\/leadership-team\/","name":"\u00c9quipe de direction - Teranet Manitoba","isPartOf":{"@id":"https:\/\/teranetmanitoba.ca\/#website"},"primaryImageOfPage":{"@id":"https:\/\/www.teranetmanitoba.ca\/about-teranet-manitoba\/leadership-team\/#primaryimage"},"image":{"@id":"https:\/\/www.teranetmanitoba.ca\/about-teranet-manitoba\/leadership-team\/#primaryimage"},"thumbnailUrl":"https:\/\/www.teranetmanitoba.ca\/wp-content\/uploads\/2019\/11\/aboutussection.jpg","datePublished":"2019-09-09T23:45:28+00:00","dateModified":"2026-01-08T16:22:13+00:00","breadcrumb":{"@id":"https:\/\/www.teranetmanitoba.ca\/about-teranet-manitoba\/leadership-team\/#breadcrumb"},"inLanguage":"fr-FR","potentialAction":[{"@type":"ReadAction","target":["https:\/\/www.teranetmanitoba.ca\/about-teranet-manitoba\/leadership-team\/"]}]},{"@type":"ImageObject","inLanguage":"fr-FR","@id":"https:\/\/www.teranetmanitoba.ca\/about-teranet-manitoba\/leadership-team\/#primaryimage","url":"https:\/\/www.teranetmanitoba.ca\/wp-content\/uploads\/2019\/11\/aboutussection.jpg","contentUrl":"https:\/\/www.teranetmanitoba.ca\/wp-content\/uploads\/2019\/11\/aboutussection.jpg","width":1766,"height":1179,"caption":"Rearview shot of a young woman working in a call centre"},{"@type":"BreadcrumbList","@id":"https:\/\/www.teranetmanitoba.ca\/about-teranet-manitoba\/leadership-team\/#breadcrumb","itemListElement":[{"@type":"ListItem","position":1,"name":"Home","item":"https:\/\/www.teranetmanitoba.ca\/fr\/"},{"@type":"ListItem","position":2,"name":"\u00c0 propos de nous","item":"https:\/\/teranetmanitoba.ca\/fr\/a-propos-de-nous\/"},{"@type":"ListItem","position":3,"name":"\u00c9quipe de direction"}]},{"@type":"WebSite","@id":"https:\/\/teranetmanitoba.ca\/#website","url":"https:\/\/teranetmanitoba.ca\/","name":"Teranet Manitoba","description":"","publisher":{"@id":"https:\/\/teranetmanitoba.ca\/#organization"},"potentialAction":[{"@type":"SearchAction","target":{"@type":"EntryPoint","urlTemplate":"https:\/\/teranetmanitoba.ca\/?s={search_term_string}"},"query-input":{"@type":"PropertyValueSpecification","valueRequired":true,"valueName":"search_term_string"}}],"inLanguage":"fr-FR"},{"@type":"Organization","@id":"https:\/\/teranetmanitoba.ca\/#organization","name":"Teranet Manitoba","url":"https:\/\/teranetmanitoba.ca\/","logo":{"@type":"ImageObject","inLanguage":"fr-FR","@id":"https:\/\/teranetmanitoba.ca\/#\/schema\/logo\/image\/","url":"https:\/\/www.teranetmanitoba.ca\/wp-content\/uploads\/2024\/01\/TMB-RGB-horz-EN.png","contentUrl":"https:\/\/www.teranetmanitoba.ca\/wp-content\/uploads\/2024\/01\/TMB-RGB-horz-EN.png","width":2768,"height":564,"caption":"Teranet Manitoba"},"image":{"@id":"https:\/\/teranetmanitoba.ca\/#\/schema\/logo\/image\/"},"sameAs":["https:\/\/www.linkedin.com\/company\/teranet-manitoba\/","https:\/\/www.youtube.com\/@teranetmanitoba"]}]}},"_links":{"self":[{"href":"https:\/\/www.teranetmanitoba.ca\/fr\/wp-json\/wp\/v2\/pages\/2197","targetHints":{"allow":["GET"]}}],"collection":[{"href":"https:\/\/www.teranetmanitoba.ca\/fr\/wp-json\/wp\/v2\/pages"}],"about":[{"href":"https:\/\/www.teranetmanitoba.ca\/fr\/wp-json\/wp\/v2\/types\/page"}],"author":[{"embeddable":true,"href":"https:\/\/www.teranetmanitoba.ca\/fr\/wp-json\/wp\/v2\/users\/2"}],"replies":[{"embeddable":true,"href":"https:\/\/www.teranetmanitoba.ca\/fr\/wp-json\/wp\/v2\/comments?post=2197"}],"version-history":[{"count":56,"href":"https:\/\/www.teranetmanitoba.ca\/fr\/wp-json\/wp\/v2\/pages\/2197\/revisions"}],"predecessor-version":[{"id":13807,"href":"https:\/\/www.teranetmanitoba.ca\/fr\/wp-json\/wp\/v2\/pages\/2197\/revisions\/13807"}],"up":[{"embeddable":true,"href":"https:\/\/www.teranetmanitoba.ca\/fr\/wp-json\/wp\/v2\/pages\/2179"}],"wp:featuredmedia":[{"embeddable":true,"href":"https:\/\/www.teranetmanitoba.ca\/fr\/wp-json\/wp\/v2\/media\/2749"}],"wp:attachment":[{"href":"https:\/\/www.teranetmanitoba.ca\/fr\/wp-json\/wp\/v2\/media?parent=2197"}],"curies":[{"name":"wp","href":"https:\/\/api.w.org\/{rel}","templated":true}]}}