{"id":2179,"date":"2019-09-09T23:28:13","date_gmt":"2019-09-09T23:28:13","guid":{"rendered":"https:\/\/teranetmanitoba.ca\/about-us\/"},"modified":"2025-05-20T13:45:49","modified_gmt":"2025-05-20T18:45:49","slug":"a-propos-de-nous","status":"publish","type":"page","link":"https:\/\/www.teranetmanitoba.ca\/fr\/a-propos-de-nous\/","title":{"rendered":"\u00c0 propos de nous"},"content":{"rendered":"<h3>Solutions de services d&rsquo;enregistrement<\/h3>\n<p><span style=\"color: #55565b;\">Teranet Manitoba sommes le fournisseur exclusif de services pour le r\u00e9gime d\u2019enregistrement des titres fonciers et le Bureau d\u2019enregistrement relatif aux biens personnels du Manitoba. Nous fournissons des certificats de titres fonciers, nous tenons \u00e0 jour des registres de terres et d\u2019arpentage et nous administrons l\u2019enregistrement des int\u00e9r\u00eats financiers \u00e0 l\u2019\u00e9gard des biens personnels pour le compte de la Province du Manitoba.<\/span><\/p>\n<h3>Comment nous nous connectons<\/h3>\n<p><span style=\"color: #55565b;\">Chez Teranet Manitoba, notre vision est d&rsquo;\u00eatre le partenaire de confiance des gouvernements et des entreprises pour b\u00e2tir des communaut\u00e9s et des \u00e9conomies plus fortes. Nous connectons les<\/span> gouvernement, les entreprises et les consommateurs par la prestation et la transformation des services de registre, la connaissance des donn\u00e9es et les solutions de plate-forme d\u2019\u00e9cosyst\u00e8me, en maintenant toujours les normes les plus \u00e9lev\u00e9es de fiabilit\u00e9 et d\u2019int\u00e9grit\u00e9.<\/p>\n<div class=\"vc_col-sm-6 wpb_column column_container vc_column_container col child_column padding-1-percent top_margin_tablet_0px top_margin_phone_4pct inherit_tablet no-extra-padding_phone \" data-padding-pos=\"all\" data-has-bg-color=\"false\" data-bg-color=\"\" data-bg-opacity=\"1\" data-animation=\"\" data-delay=\"0\">\n<div class=\"vc_column-inner\">\n<div class=\"wpb_wrapper\">\n<div class=\"img-with-aniamtion-wrap \" data-max-width=\"100%\" data-max-width-mobile=\"default\" data-shadow=\"none\" data-animation=\"fade-in\">\n<div class=\"inner\">\n<div class=\"hover-wrap\">\n<div class=\"hover-wrap-inner img-loaded\">\n<p>Regardez cette vid\u00e9o pour en savoir plus sur la fa\u00e7on dont nous connectons les Manitobains :<\/p>\n<div class='embed-container'><iframe title=\"Connecting Manitobans: A Decade of Registry Innovation\" width=\"1920\" height=\"1080\" src=\"https:\/\/www.youtube.com\/embed\/2p1vVg4yXA4?feature=oembed\" frameborder=\"0\" allow=\"accelerometer; autoplay; clipboard-write; encrypted-media; gyroscope; picture-in-picture; web-share\" referrerpolicy=\"strict-origin-when-cross-origin\" allowfullscreen><\/iframe><\/div>\n<\/div>\n<\/div>\n<\/div>\n<\/div>\n<\/div>\n<\/div>\n<\/div>\n<h3 class=\"divider-wrap\" data-alignment=\"default\">\u00c0 propos de Teranet<\/h3>\n<p><span style=\"color: #55565b;\">Teranet Manitoba est une entreprise priv\u00e9e exploit\u00e9e par <span style=\"color: #4c7a15;\"><a style=\"color: #4c7a15;\" href=\"https:\/\/www.teranet.ca\/fr\/\" target=\"_blank\" rel=\"noopener\">Teranet Inc.<\/a><\/span>, le chef de file canadien en prestation et transformation de services de registres prescrits par la loi, ayant une vaste expertise en registres fonciers et commerciaux.<\/span><\/p>\n","protected":false},"excerpt":{"rendered":"<p>Solutions de services d&rsquo;enregistrement Teranet Manitoba sommes le fournisseur exclusif de services pour le r\u00e9gime d\u2019enregistrement des titres fonciers et le Bureau d\u2019enregistrement relatif aux biens personnels du Manitoba. Nous fournissons des certificats de titres fonciers, nous tenons \u00e0 jour des registres de terres et d\u2019arpentage et nous administrons l\u2019enregistrement des int\u00e9r\u00eats financiers \u00e0 l\u2019\u00e9gard&hellip; <br \/> <a class=\"read-more btn btn-green-2\" href=\"https:\/\/www.teranetmanitoba.ca\/fr\/a-propos-de-nous\/\">Lire la suite<\/a><\/p>\n","protected":false},"author":2,"featured_media":2749,"parent":0,"menu_order":0,"comment_status":"closed","ping_status":"closed","template":"","meta":{"_acf_changed":false,"footnotes":""},"class_list":["post-2179","page","type-page","status-publish","has-post-thumbnail","hentry"],"acf":[],"yoast_head":"<!-- This site is optimized with the Yoast SEO Premium plugin v27.3 (Yoast SEO v27.3) - https:\/\/yoast.com\/product\/yoast-seo-premium-wordpress\/ -->\n<title>\u00c0 propos de nous - Teranet Manitoba<\/title>\n<meta name=\"robots\" content=\"index, follow, max-snippet:-1, max-image-preview:large, max-video-preview:-1\" \/>\n<link rel=\"canonical\" href=\"https:\/\/teranetmanitoba.ca\/fr\/a-propos-de-nous\/\" \/>\n<meta property=\"og:locale\" content=\"fr_FR\" \/>\n<meta property=\"og:type\" content=\"article\" \/>\n<meta property=\"og:title\" content=\"\u00c0 propos de nous\" \/>\n<meta property=\"og:description\" content=\"Solutions de services d&rsquo;enregistrement Teranet Manitoba sommes le fournisseur exclusif de services pour le r\u00e9gime d\u2019enregistrement des titres fonciers et le Bureau d\u2019enregistrement relatif aux biens personnels du Manitoba. Nous fournissons des certificats de titres fonciers, nous tenons \u00e0 jour des registres de terres et d\u2019arpentage et nous administrons l\u2019enregistrement des int\u00e9r\u00eats financiers \u00e0 l\u2019\u00e9gard&hellip; Lire la suite\" \/>\n<meta property=\"og:url\" content=\"https:\/\/teranetmanitoba.ca\/fr\/a-propos-de-nous\/\" \/>\n<meta property=\"og:site_name\" content=\"Teranet Manitoba\" \/>\n<meta property=\"article:modified_time\" content=\"2025-05-20T18:45:49+00:00\" \/>\n<meta property=\"og:image\" content=\"https:\/\/teranetmanitoba.ca\/wp-content\/uploads\/2019\/11\/aboutussection.jpg\" \/>\n\t<meta property=\"og:image:width\" content=\"1766\" \/>\n\t<meta property=\"og:image:height\" content=\"1179\" \/>\n\t<meta property=\"og:image:type\" content=\"image\/jpeg\" \/>\n<meta name=\"twitter:card\" content=\"summary_large_image\" \/>\n<script type=\"application\/ld+json\" class=\"yoast-schema-graph\">{\"@context\":\"https:\\\/\\\/schema.org\",\"@graph\":[{\"@type\":\"WebPage\",\"@id\":\"https:\\\/\\\/teranetmanitoba.ca\\\/fr\\\/a-propos-de-nous\\\/\",\"url\":\"https:\\\/\\\/teranetmanitoba.ca\\\/fr\\\/a-propos-de-nous\\\/\",\"name\":\"\u00c0 propos de nous - Teranet Manitoba\",\"isPartOf\":{\"@id\":\"https:\\\/\\\/teranetmanitoba.ca\\\/#website\"},\"primaryImageOfPage\":{\"@id\":\"https:\\\/\\\/teranetmanitoba.ca\\\/fr\\\/a-propos-de-nous\\\/#primaryimage\"},\"image\":{\"@id\":\"https:\\\/\\\/teranetmanitoba.ca\\\/fr\\\/a-propos-de-nous\\\/#primaryimage\"},\"thumbnailUrl\":\"https:\\\/\\\/www.teranetmanitoba.ca\\\/wp-content\\\/uploads\\\/2019\\\/11\\\/aboutussection.jpg\",\"datePublished\":\"2019-09-09T23:28:13+00:00\",\"dateModified\":\"2025-05-20T18:45:49+00:00\",\"breadcrumb\":{\"@id\":\"https:\\\/\\\/teranetmanitoba.ca\\\/fr\\\/a-propos-de-nous\\\/#breadcrumb\"},\"inLanguage\":\"fr-FR\",\"potentialAction\":[{\"@type\":\"ReadAction\",\"target\":[\"https:\\\/\\\/teranetmanitoba.ca\\\/fr\\\/a-propos-de-nous\\\/\"]}]},{\"@type\":\"ImageObject\",\"inLanguage\":\"fr-FR\",\"@id\":\"https:\\\/\\\/teranetmanitoba.ca\\\/fr\\\/a-propos-de-nous\\\/#primaryimage\",\"url\":\"https:\\\/\\\/www.teranetmanitoba.ca\\\/wp-content\\\/uploads\\\/2019\\\/11\\\/aboutussection.jpg\",\"contentUrl\":\"https:\\\/\\\/www.teranetmanitoba.ca\\\/wp-content\\\/uploads\\\/2019\\\/11\\\/aboutussection.jpg\",\"width\":1766,\"height\":1179,\"caption\":\"Rearview shot of a young woman working in a call centre\"},{\"@type\":\"BreadcrumbList\",\"@id\":\"https:\\\/\\\/teranetmanitoba.ca\\\/fr\\\/a-propos-de-nous\\\/#breadcrumb\",\"itemListElement\":[{\"@type\":\"ListItem\",\"position\":1,\"name\":\"Home\",\"item\":\"https:\\\/\\\/teranetmanitoba.ca\\\/fr\\\/\"},{\"@type\":\"ListItem\",\"position\":2,\"name\":\"\u00c0 propos de nous\"}]},{\"@type\":\"WebSite\",\"@id\":\"https:\\\/\\\/teranetmanitoba.ca\\\/#website\",\"url\":\"https:\\\/\\\/teranetmanitoba.ca\\\/\",\"name\":\"Teranet Manitoba\",\"description\":\"\",\"publisher\":{\"@id\":\"https:\\\/\\\/teranetmanitoba.ca\\\/#organization\"},\"potentialAction\":[{\"@type\":\"SearchAction\",\"target\":{\"@type\":\"EntryPoint\",\"urlTemplate\":\"https:\\\/\\\/teranetmanitoba.ca\\\/?s={search_term_string}\"},\"query-input\":{\"@type\":\"PropertyValueSpecification\",\"valueRequired\":true,\"valueName\":\"search_term_string\"}}],\"inLanguage\":\"fr-FR\"},{\"@type\":\"Organization\",\"@id\":\"https:\\\/\\\/teranetmanitoba.ca\\\/#organization\",\"name\":\"Teranet Manitoba\",\"url\":\"https:\\\/\\\/teranetmanitoba.ca\\\/\",\"logo\":{\"@type\":\"ImageObject\",\"inLanguage\":\"fr-FR\",\"@id\":\"https:\\\/\\\/teranetmanitoba.ca\\\/#\\\/schema\\\/logo\\\/image\\\/\",\"url\":\"https:\\\/\\\/www.teranetmanitoba.ca\\\/wp-content\\\/uploads\\\/2024\\\/01\\\/TMB-RGB-horz-EN.png\",\"contentUrl\":\"https:\\\/\\\/www.teranetmanitoba.ca\\\/wp-content\\\/uploads\\\/2024\\\/01\\\/TMB-RGB-horz-EN.png\",\"width\":2768,\"height\":564,\"caption\":\"Teranet Manitoba\"},\"image\":{\"@id\":\"https:\\\/\\\/teranetmanitoba.ca\\\/#\\\/schema\\\/logo\\\/image\\\/\"},\"sameAs\":[\"https:\\\/\\\/www.linkedin.com\\\/company\\\/teranet-manitoba\\\/\",\"https:\\\/\\\/www.youtube.com\\\/@teranetmanitoba\"]}]}<\/script>\n<!-- \/ Yoast SEO Premium plugin. -->","yoast_head_json":{"title":"\u00c0 propos de nous - Teranet Manitoba","robots":{"index":"index","follow":"follow","max-snippet":"max-snippet:-1","max-image-preview":"max-image-preview:large","max-video-preview":"max-video-preview:-1"},"canonical":"https:\/\/teranetmanitoba.ca\/fr\/a-propos-de-nous\/","og_locale":"fr_FR","og_type":"article","og_title":"\u00c0 propos de nous","og_description":"Solutions de services d&rsquo;enregistrement Teranet Manitoba sommes le fournisseur exclusif de services pour le r\u00e9gime d\u2019enregistrement des titres fonciers et le Bureau d\u2019enregistrement relatif aux biens personnels du Manitoba. Nous fournissons des certificats de titres fonciers, nous tenons \u00e0 jour des registres de terres et d\u2019arpentage et nous administrons l\u2019enregistrement des int\u00e9r\u00eats financiers \u00e0 l\u2019\u00e9gard&hellip; Lire la suite","og_url":"https:\/\/teranetmanitoba.ca\/fr\/a-propos-de-nous\/","og_site_name":"Teranet Manitoba","article_modified_time":"2025-05-20T18:45:49+00:00","og_image":[{"width":1766,"height":1179,"url":"https:\/\/teranetmanitoba.ca\/wp-content\/uploads\/2019\/11\/aboutussection.jpg","type":"image\/jpeg"}],"twitter_card":"summary_large_image","schema":{"@context":"https:\/\/schema.org","@graph":[{"@type":"WebPage","@id":"https:\/\/teranetmanitoba.ca\/fr\/a-propos-de-nous\/","url":"https:\/\/teranetmanitoba.ca\/fr\/a-propos-de-nous\/","name":"\u00c0 propos de nous - Teranet Manitoba","isPartOf":{"@id":"https:\/\/teranetmanitoba.ca\/#website"},"primaryImageOfPage":{"@id":"https:\/\/teranetmanitoba.ca\/fr\/a-propos-de-nous\/#primaryimage"},"image":{"@id":"https:\/\/teranetmanitoba.ca\/fr\/a-propos-de-nous\/#primaryimage"},"thumbnailUrl":"https:\/\/www.teranetmanitoba.ca\/wp-content\/uploads\/2019\/11\/aboutussection.jpg","datePublished":"2019-09-09T23:28:13+00:00","dateModified":"2025-05-20T18:45:49+00:00","breadcrumb":{"@id":"https:\/\/teranetmanitoba.ca\/fr\/a-propos-de-nous\/#breadcrumb"},"inLanguage":"fr-FR","potentialAction":[{"@type":"ReadAction","target":["https:\/\/teranetmanitoba.ca\/fr\/a-propos-de-nous\/"]}]},{"@type":"ImageObject","inLanguage":"fr-FR","@id":"https:\/\/teranetmanitoba.ca\/fr\/a-propos-de-nous\/#primaryimage","url":"https:\/\/www.teranetmanitoba.ca\/wp-content\/uploads\/2019\/11\/aboutussection.jpg","contentUrl":"https:\/\/www.teranetmanitoba.ca\/wp-content\/uploads\/2019\/11\/aboutussection.jpg","width":1766,"height":1179,"caption":"Rearview shot of a young woman working in a call centre"},{"@type":"BreadcrumbList","@id":"https:\/\/teranetmanitoba.ca\/fr\/a-propos-de-nous\/#breadcrumb","itemListElement":[{"@type":"ListItem","position":1,"name":"Home","item":"https:\/\/teranetmanitoba.ca\/fr\/"},{"@type":"ListItem","position":2,"name":"\u00c0 propos de nous"}]},{"@type":"WebSite","@id":"https:\/\/teranetmanitoba.ca\/#website","url":"https:\/\/teranetmanitoba.ca\/","name":"Teranet Manitoba","description":"","publisher":{"@id":"https:\/\/teranetmanitoba.ca\/#organization"},"potentialAction":[{"@type":"SearchAction","target":{"@type":"EntryPoint","urlTemplate":"https:\/\/teranetmanitoba.ca\/?s={search_term_string}"},"query-input":{"@type":"PropertyValueSpecification","valueRequired":true,"valueName":"search_term_string"}}],"inLanguage":"fr-FR"},{"@type":"Organization","@id":"https:\/\/teranetmanitoba.ca\/#organization","name":"Teranet Manitoba","url":"https:\/\/teranetmanitoba.ca\/","logo":{"@type":"ImageObject","inLanguage":"fr-FR","@id":"https:\/\/teranetmanitoba.ca\/#\/schema\/logo\/image\/","url":"https:\/\/www.teranetmanitoba.ca\/wp-content\/uploads\/2024\/01\/TMB-RGB-horz-EN.png","contentUrl":"https:\/\/www.teranetmanitoba.ca\/wp-content\/uploads\/2024\/01\/TMB-RGB-horz-EN.png","width":2768,"height":564,"caption":"Teranet Manitoba"},"image":{"@id":"https:\/\/teranetmanitoba.ca\/#\/schema\/logo\/image\/"},"sameAs":["https:\/\/www.linkedin.com\/company\/teranet-manitoba\/","https:\/\/www.youtube.com\/@teranetmanitoba"]}]}},"_links":{"self":[{"href":"https:\/\/www.teranetmanitoba.ca\/fr\/wp-json\/wp\/v2\/pages\/2179","targetHints":{"allow":["GET"]}}],"collection":[{"href":"https:\/\/www.teranetmanitoba.ca\/fr\/wp-json\/wp\/v2\/pages"}],"about":[{"href":"https:\/\/www.teranetmanitoba.ca\/fr\/wp-json\/wp\/v2\/types\/page"}],"author":[{"embeddable":true,"href":"https:\/\/www.teranetmanitoba.ca\/fr\/wp-json\/wp\/v2\/users\/2"}],"replies":[{"embeddable":true,"href":"https:\/\/www.teranetmanitoba.ca\/fr\/wp-json\/wp\/v2\/comments?post=2179"}],"version-history":[{"count":40,"href":"https:\/\/www.teranetmanitoba.ca\/fr\/wp-json\/wp\/v2\/pages\/2179\/revisions"}],"predecessor-version":[{"id":12886,"href":"https:\/\/www.teranetmanitoba.ca\/fr\/wp-json\/wp\/v2\/pages\/2179\/revisions\/12886"}],"wp:featuredmedia":[{"embeddable":true,"href":"https:\/\/www.teranetmanitoba.ca\/fr\/wp-json\/wp\/v2\/media\/2749"}],"wp:attachment":[{"href":"https:\/\/www.teranetmanitoba.ca\/fr\/wp-json\/wp\/v2\/media?parent=2179"}],"curies":[{"name":"wp","href":"https:\/\/api.w.org\/{rel}","templated":true}]}}