{"id":2164,"date":"2019-09-09T21:52:37","date_gmt":"2019-09-09T21:52:37","guid":{"rendered":"https:\/\/teranetmanitoba.ca\/online-service-and-payment-options\/"},"modified":"2025-03-12T08:35:21","modified_gmt":"2025-03-12T13:35:21","slug":"service-en-ligne-et-options-de-paiement","status":"publish","type":"page","link":"https:\/\/www.teranetmanitoba.ca\/fr\/bureau-denregistrement-relative-aux-biens-personnels\/service-en-ligne-et-options-de-paiement\/","title":{"rendered":"Comptes et options de paiement"},"content":{"rendered":"<h2><span style=\"color: #55565b;\">Comptes<\/span><\/h2>\n<p><span style=\"color: #55565b;\">Vous pouvez rechercher et enregistrer des documents relatifs aux biens personnels \u00e0 l\u2019aide de notre service en ligne<\/span> <a href=\"https:\/\/www.tprmb.ca\/ppr\/?locale=fr\">d\u2019enregistrement des biens personnels<\/a><span style=\"color: #55565b;\">. Vous n\u2019avez pas besoin d\u2019un compte pour faire des recherches en ligne.<\/span><\/p>\n<p><span style=\"color: #55565b;\">Pour ouvrir un compte afin d\u2019enregistrer une s\u00fbret\u00e9, veuillez soumettre une<\/span> <a href=\"\/wp-content\/uploads\/2019\/11\/onlineaccessapplication_fr-2.pdf\">Formule de demande des clients<\/a> <span style=\"color: #55565b;\">d\u00fbment remplie. Vous pouvez \u00e9galement communiquer avec notre<\/span> <a href=\"https:\/\/teranetmanitoba.ca\/fr\/contactez-nous\/\">\u00e9quipe des services aux clients<\/a><span style=\"color: #55565b;\"> pour obtenir de l\u2019aide.<\/span><\/p>\n<h2><span style=\"color: #55565b;\">Options de paiement<\/span><\/h2>\n<ul>\n<li><span style=\"color: #55565b;\"><strong>En personne\u00a0:<\/strong> vous pouvez payer payer en esp\u00e8ces, par d\u00e9bit, Visa ou Master Card \u00e0 l\u2019un de nos <a href=\"https:\/\/teranetmanitoba.ca\/fr\/contactez-nous\/\">six<\/a><\/span> <a href=\"https:\/\/teranetmanitoba.ca\/fr\/contactez-nous\/\">bureaux<\/a>.<\/li>\n<li><span style=\"color: #55565b;\"><strong>Carte de cr\u00e9dit en ligne:<\/strong>: les paiements par carte VISA et MasterCard sont accept\u00e9s directement par l\u2019entremise de<\/span> <a href=\"https:\/\/www.tprmb.ca\/ppr\/?locale=fr\">notre service<\/a> <span style=\"color: #55565b;\">en ligne du Bureau d\u2019enregistrement relatif aux biens personnels.<\/span><\/li>\n<li><span style=\"color: #55565b;\"><strong>Par compte de d\u00e9p\u00f4t:<\/strong> un compte de d\u00e9p\u00f4t est le moyen le plus pratique pour les clients r\u00e9guliers de payer les recherches et les enregistrements. Pour demander un compte de d\u00e9p\u00f4t au Bureau d\u2019enregistrement relatif aux biens personnels, veuillez remplir la<\/span> <a href=\"\/wp-content\/uploads\/2019\/11\/onlineaccessapplication_fr-2.pdf\">Formule de demande des clients<\/a><span style=\"color: #55565b;\">. Vous pouvez \u00e9galement communiquer avec notre <a style=\"color: #55565b;\" href=\"https:\/\/teranetmanitoba.ca\/fr\/contactez-nous\/\">\u00e9quipe des services aux clients<\/a> pour obtenir de l\u2019aide.<\/span><\/li>\n<\/ul>\n","protected":false},"excerpt":{"rendered":"<p>Comptes Vous pouvez rechercher et enregistrer des documents relatifs aux biens personnels \u00e0 l\u2019aide de notre service en ligne d\u2019enregistrement des biens personnels. Vous n\u2019avez pas besoin d\u2019un compte pour faire des recherches en ligne. Pour ouvrir un compte afin d\u2019enregistrer une s\u00fbret\u00e9, veuillez soumettre une Formule de demande des clients d\u00fbment remplie. Vous pouvez&hellip; <br \/> <a class=\"read-more btn btn-green-2\" href=\"https:\/\/www.teranetmanitoba.ca\/fr\/bureau-denregistrement-relative-aux-biens-personnels\/service-en-ligne-et-options-de-paiement\/\">Lire la suite<\/a><\/p>\n","protected":false},"author":2,"featured_media":2756,"parent":2161,"menu_order":0,"comment_status":"closed","ping_status":"closed","template":"","meta":{"_acf_changed":false,"footnotes":""},"class_list":["post-2164","page","type-page","status-publish","has-post-thumbnail","hentry"],"acf":[],"yoast_head":"<!-- This site is optimized with the Yoast SEO Premium plugin v27.3 (Yoast SEO v27.3) - https:\/\/yoast.com\/product\/yoast-seo-premium-wordpress\/ -->\n<title>Comptes et options de paiement - Teranet Manitoba<\/title>\n<meta name=\"robots\" content=\"index, follow, max-snippet:-1, max-image-preview:large, max-video-preview:-1\" \/>\n<link rel=\"canonical\" href=\"https:\/\/teranetmanitoba.ca\/personal-property\/online-service-and-payment-options\/\" \/>\n<meta property=\"og:locale\" content=\"fr_FR\" \/>\n<meta property=\"og:type\" content=\"article\" \/>\n<meta property=\"og:title\" content=\"Comptes et options de paiement\" \/>\n<meta property=\"og:description\" content=\"Comptes Vous pouvez rechercher et enregistrer des documents relatifs aux biens personnels \u00e0 l\u2019aide de notre service en ligne d\u2019enregistrement des biens personnels. Vous n\u2019avez pas besoin d\u2019un compte pour faire des recherches en ligne. Pour ouvrir un compte afin d\u2019enregistrer une s\u00fbret\u00e9, veuillez soumettre une Formule de demande des clients d\u00fbment remplie. Vous pouvez&hellip; Lire la suite\" \/>\n<meta property=\"og:url\" content=\"https:\/\/teranetmanitoba.ca\/personal-property\/online-service-and-payment-options\/\" \/>\n<meta property=\"og:site_name\" content=\"Teranet Manitoba\" \/>\n<meta property=\"article:modified_time\" content=\"2025-03-12T13:35:21+00:00\" \/>\n<meta property=\"og:image\" content=\"https:\/\/teranetmanitoba.ca\/wp-content\/uploads\/2019\/11\/PPRsection.jpg\" \/>\n\t<meta property=\"og:image:width\" content=\"1200\" \/>\n\t<meta property=\"og:image:height\" content=\"800\" \/>\n\t<meta property=\"og:image:type\" content=\"image\/jpeg\" \/>\n<meta name=\"twitter:card\" content=\"summary_large_image\" \/>\n<script type=\"application\/ld+json\" class=\"yoast-schema-graph\">{\"@context\":\"https:\\\/\\\/schema.org\",\"@graph\":[{\"@type\":\"WebPage\",\"@id\":\"https:\\\/\\\/teranetmanitoba.ca\\\/personal-property\\\/online-service-and-payment-options\\\/\",\"url\":\"https:\\\/\\\/teranetmanitoba.ca\\\/personal-property\\\/online-service-and-payment-options\\\/\",\"name\":\"Comptes et options de paiement - Teranet Manitoba\",\"isPartOf\":{\"@id\":\"https:\\\/\\\/teranetmanitoba.ca\\\/fr\\\/#website\"},\"primaryImageOfPage\":{\"@id\":\"https:\\\/\\\/teranetmanitoba.ca\\\/personal-property\\\/online-service-and-payment-options\\\/#primaryimage\"},\"image\":{\"@id\":\"https:\\\/\\\/teranetmanitoba.ca\\\/personal-property\\\/online-service-and-payment-options\\\/#primaryimage\"},\"thumbnailUrl\":\"https:\\\/\\\/www.teranetmanitoba.ca\\\/wp-content\\\/uploads\\\/2019\\\/11\\\/PPRsection.jpg\",\"datePublished\":\"2019-09-09T21:52:37+00:00\",\"dateModified\":\"2025-03-12T13:35:21+00:00\",\"breadcrumb\":{\"@id\":\"https:\\\/\\\/teranetmanitoba.ca\\\/personal-property\\\/online-service-and-payment-options\\\/#breadcrumb\"},\"inLanguage\":\"fr-FR\",\"potentialAction\":[{\"@type\":\"ReadAction\",\"target\":[\"https:\\\/\\\/teranetmanitoba.ca\\\/personal-property\\\/online-service-and-payment-options\\\/\"]}]},{\"@type\":\"ImageObject\",\"inLanguage\":\"fr-FR\",\"@id\":\"https:\\\/\\\/teranetmanitoba.ca\\\/personal-property\\\/online-service-and-payment-options\\\/#primaryimage\",\"url\":\"https:\\\/\\\/www.teranetmanitoba.ca\\\/wp-content\\\/uploads\\\/2019\\\/11\\\/PPRsection.jpg\",\"contentUrl\":\"https:\\\/\\\/www.teranetmanitoba.ca\\\/wp-content\\\/uploads\\\/2019\\\/11\\\/PPRsection.jpg\",\"width\":1200,\"height\":800},{\"@type\":\"BreadcrumbList\",\"@id\":\"https:\\\/\\\/teranetmanitoba.ca\\\/personal-property\\\/online-service-and-payment-options\\\/#breadcrumb\",\"itemListElement\":[{\"@type\":\"ListItem\",\"position\":1,\"name\":\"Home\",\"item\":\"https:\\\/\\\/teranetmanitoba.ca\\\/fr\\\/\"},{\"@type\":\"ListItem\",\"position\":2,\"name\":\"Biens personnels\",\"item\":\"https:\\\/\\\/teranetmanitoba.ca\\\/fr\\\/bureau-denregistrement-relative-aux-biens-personnels\\\/\"},{\"@type\":\"ListItem\",\"position\":3,\"name\":\"Comptes et options de paiement\"}]},{\"@type\":\"WebSite\",\"@id\":\"https:\\\/\\\/teranetmanitoba.ca\\\/fr\\\/#website\",\"url\":\"https:\\\/\\\/teranetmanitoba.ca\\\/fr\\\/\",\"name\":\"Teranet Manitoba\",\"description\":\"\",\"publisher\":{\"@id\":\"https:\\\/\\\/teranetmanitoba.ca\\\/fr\\\/#organization\"},\"potentialAction\":[{\"@type\":\"SearchAction\",\"target\":{\"@type\":\"EntryPoint\",\"urlTemplate\":\"https:\\\/\\\/teranetmanitoba.ca\\\/fr\\\/?s={search_term_string}\"},\"query-input\":{\"@type\":\"PropertyValueSpecification\",\"valueRequired\":true,\"valueName\":\"search_term_string\"}}],\"inLanguage\":\"fr-FR\"},{\"@type\":\"Organization\",\"@id\":\"https:\\\/\\\/teranetmanitoba.ca\\\/fr\\\/#organization\",\"name\":\"Teranet Manitoba\",\"url\":\"https:\\\/\\\/teranetmanitoba.ca\\\/fr\\\/\",\"logo\":{\"@type\":\"ImageObject\",\"inLanguage\":\"fr-FR\",\"@id\":\"https:\\\/\\\/teranetmanitoba.ca\\\/fr\\\/#\\\/schema\\\/logo\\\/image\\\/\",\"url\":\"https:\\\/\\\/www.teranetmanitoba.ca\\\/wp-content\\\/uploads\\\/2024\\\/01\\\/TMB-RGB-horz-EN.png\",\"contentUrl\":\"https:\\\/\\\/www.teranetmanitoba.ca\\\/wp-content\\\/uploads\\\/2024\\\/01\\\/TMB-RGB-horz-EN.png\",\"width\":2768,\"height\":564,\"caption\":\"Teranet Manitoba\"},\"image\":{\"@id\":\"https:\\\/\\\/teranetmanitoba.ca\\\/fr\\\/#\\\/schema\\\/logo\\\/image\\\/\"},\"sameAs\":[\"https:\\\/\\\/www.linkedin.com\\\/company\\\/teranet-manitoba\\\/\",\"https:\\\/\\\/www.youtube.com\\\/@teranetmanitoba\"]}]}<\/script>\n<!-- \/ Yoast SEO Premium plugin. -->","yoast_head_json":{"title":"Comptes et options de paiement - Teranet Manitoba","robots":{"index":"index","follow":"follow","max-snippet":"max-snippet:-1","max-image-preview":"max-image-preview:large","max-video-preview":"max-video-preview:-1"},"canonical":"https:\/\/teranetmanitoba.ca\/personal-property\/online-service-and-payment-options\/","og_locale":"fr_FR","og_type":"article","og_title":"Comptes et options de paiement","og_description":"Comptes Vous pouvez rechercher et enregistrer des documents relatifs aux biens personnels \u00e0 l\u2019aide de notre service en ligne d\u2019enregistrement des biens personnels. Vous n\u2019avez pas besoin d\u2019un compte pour faire des recherches en ligne. Pour ouvrir un compte afin d\u2019enregistrer une s\u00fbret\u00e9, veuillez soumettre une Formule de demande des clients d\u00fbment remplie. Vous pouvez&hellip; Lire la suite","og_url":"https:\/\/teranetmanitoba.ca\/personal-property\/online-service-and-payment-options\/","og_site_name":"Teranet Manitoba","article_modified_time":"2025-03-12T13:35:21+00:00","og_image":[{"width":1200,"height":800,"url":"https:\/\/teranetmanitoba.ca\/wp-content\/uploads\/2019\/11\/PPRsection.jpg","type":"image\/jpeg"}],"twitter_card":"summary_large_image","schema":{"@context":"https:\/\/schema.org","@graph":[{"@type":"WebPage","@id":"https:\/\/teranetmanitoba.ca\/personal-property\/online-service-and-payment-options\/","url":"https:\/\/teranetmanitoba.ca\/personal-property\/online-service-and-payment-options\/","name":"Comptes et options de paiement - Teranet Manitoba","isPartOf":{"@id":"https:\/\/teranetmanitoba.ca\/fr\/#website"},"primaryImageOfPage":{"@id":"https:\/\/teranetmanitoba.ca\/personal-property\/online-service-and-payment-options\/#primaryimage"},"image":{"@id":"https:\/\/teranetmanitoba.ca\/personal-property\/online-service-and-payment-options\/#primaryimage"},"thumbnailUrl":"https:\/\/www.teranetmanitoba.ca\/wp-content\/uploads\/2019\/11\/PPRsection.jpg","datePublished":"2019-09-09T21:52:37+00:00","dateModified":"2025-03-12T13:35:21+00:00","breadcrumb":{"@id":"https:\/\/teranetmanitoba.ca\/personal-property\/online-service-and-payment-options\/#breadcrumb"},"inLanguage":"fr-FR","potentialAction":[{"@type":"ReadAction","target":["https:\/\/teranetmanitoba.ca\/personal-property\/online-service-and-payment-options\/"]}]},{"@type":"ImageObject","inLanguage":"fr-FR","@id":"https:\/\/teranetmanitoba.ca\/personal-property\/online-service-and-payment-options\/#primaryimage","url":"https:\/\/www.teranetmanitoba.ca\/wp-content\/uploads\/2019\/11\/PPRsection.jpg","contentUrl":"https:\/\/www.teranetmanitoba.ca\/wp-content\/uploads\/2019\/11\/PPRsection.jpg","width":1200,"height":800},{"@type":"BreadcrumbList","@id":"https:\/\/teranetmanitoba.ca\/personal-property\/online-service-and-payment-options\/#breadcrumb","itemListElement":[{"@type":"ListItem","position":1,"name":"Home","item":"https:\/\/teranetmanitoba.ca\/fr\/"},{"@type":"ListItem","position":2,"name":"Biens personnels","item":"https:\/\/teranetmanitoba.ca\/fr\/bureau-denregistrement-relative-aux-biens-personnels\/"},{"@type":"ListItem","position":3,"name":"Comptes et options de paiement"}]},{"@type":"WebSite","@id":"https:\/\/teranetmanitoba.ca\/fr\/#website","url":"https:\/\/teranetmanitoba.ca\/fr\/","name":"Teranet Manitoba","description":"","publisher":{"@id":"https:\/\/teranetmanitoba.ca\/fr\/#organization"},"potentialAction":[{"@type":"SearchAction","target":{"@type":"EntryPoint","urlTemplate":"https:\/\/teranetmanitoba.ca\/fr\/?s={search_term_string}"},"query-input":{"@type":"PropertyValueSpecification","valueRequired":true,"valueName":"search_term_string"}}],"inLanguage":"fr-FR"},{"@type":"Organization","@id":"https:\/\/teranetmanitoba.ca\/fr\/#organization","name":"Teranet Manitoba","url":"https:\/\/teranetmanitoba.ca\/fr\/","logo":{"@type":"ImageObject","inLanguage":"fr-FR","@id":"https:\/\/teranetmanitoba.ca\/fr\/#\/schema\/logo\/image\/","url":"https:\/\/www.teranetmanitoba.ca\/wp-content\/uploads\/2024\/01\/TMB-RGB-horz-EN.png","contentUrl":"https:\/\/www.teranetmanitoba.ca\/wp-content\/uploads\/2024\/01\/TMB-RGB-horz-EN.png","width":2768,"height":564,"caption":"Teranet Manitoba"},"image":{"@id":"https:\/\/teranetmanitoba.ca\/fr\/#\/schema\/logo\/image\/"},"sameAs":["https:\/\/www.linkedin.com\/company\/teranet-manitoba\/","https:\/\/www.youtube.com\/@teranetmanitoba"]}]}},"_links":{"self":[{"href":"https:\/\/www.teranetmanitoba.ca\/fr\/wp-json\/wp\/v2\/pages\/2164","targetHints":{"allow":["GET"]}}],"collection":[{"href":"https:\/\/www.teranetmanitoba.ca\/fr\/wp-json\/wp\/v2\/pages"}],"about":[{"href":"https:\/\/www.teranetmanitoba.ca\/fr\/wp-json\/wp\/v2\/types\/page"}],"author":[{"embeddable":true,"href":"https:\/\/www.teranetmanitoba.ca\/fr\/wp-json\/wp\/v2\/users\/2"}],"replies":[{"embeddable":true,"href":"https:\/\/www.teranetmanitoba.ca\/fr\/wp-json\/wp\/v2\/comments?post=2164"}],"version-history":[{"count":33,"href":"https:\/\/www.teranetmanitoba.ca\/fr\/wp-json\/wp\/v2\/pages\/2164\/revisions"}],"predecessor-version":[{"id":12621,"href":"https:\/\/www.teranetmanitoba.ca\/fr\/wp-json\/wp\/v2\/pages\/2164\/revisions\/12621"}],"up":[{"embeddable":true,"href":"https:\/\/www.teranetmanitoba.ca\/fr\/wp-json\/wp\/v2\/pages\/2161"}],"wp:featuredmedia":[{"embeddable":true,"href":"https:\/\/www.teranetmanitoba.ca\/fr\/wp-json\/wp\/v2\/media\/2756"}],"wp:attachment":[{"href":"https:\/\/www.teranetmanitoba.ca\/fr\/wp-json\/wp\/v2\/media?parent=2164"}],"curies":[{"name":"wp","href":"https:\/\/api.w.org\/{rel}","templated":true}]}}