{"id":2161,"date":"2019-08-27T19:17:54","date_gmt":"2019-08-27T19:17:54","guid":{"rendered":"https:\/\/teranetmanitoba.ca\/personal-property\/"},"modified":"2025-11-26T08:32:24","modified_gmt":"2025-11-26T14:32:24","slug":"bureau-denregistrement-relative-aux-biens-personnels","status":"publish","type":"page","link":"https:\/\/www.teranetmanitoba.ca\/fr\/bureau-denregistrement-relative-aux-biens-personnels\/","title":{"rendered":"Biens personnels"},"content":{"rendered":"<p><span style=\"color: #55565b;\">Teranet Manitoba\u00a0LP administre le Bureau d\u2019enregistrement relatif aux biens personnels au nom de la Province du Manitoba, conform\u00e9ment \u00e0 la <em>Loi sur les s\u00fbret\u00e9s relatives aux biens personnels<\/em>.<\/span><\/p>\n<p><span style=\"color: #55565b;\">Le Bureau d\u2019enregistrement relatif aux biens personnels est un registre \u00e9lectronique dans lequel les cr\u00e9anciers enregistrent les avis de s\u00fbret\u00e9 (privil\u00e8ges) sur des biens personnels. Les biens personnels comprennent tous les biens meubles, mais pas les biens-fonds ni les immeubles.<\/span><\/p>\n<p><span style=\"color: #55565b;\">Toute personne peut consulter le registre pour voir si une s\u00fbret\u00e9 a \u00e9t\u00e9 enregistr\u00e9e \u00e0 l\u2019\u00e9gard du bien personnel qu\u2019elle a l\u2019intention d\u2019acheter ou qu\u2019elle accepte \u00e0 titre de garantie. Consultez le<\/span> <a href=\"https:\/\/www.tprmb.ca\/ppr\/\">service en ligne<\/a> <span style=\"color: #55565b;\">du Bureau d\u2019enregistrement relatif aux biens personnels, ou<\/span> <a href=\"https:\/\/teranetmanitoba.ca\/fr\/contactez-nous\/\">communiquez avec nous<\/a> <span style=\"color: #55565b;\">pour commencer.<\/span><\/p>\n","protected":false},"excerpt":{"rendered":"<p>Teranet Manitoba\u00a0LP administre le Bureau d\u2019enregistrement relatif aux biens personnels au nom de la Province du Manitoba, conform\u00e9ment \u00e0 la Loi sur les s\u00fbret\u00e9s relatives aux biens personnels. Le Bureau d\u2019enregistrement relatif aux biens personnels est un registre \u00e9lectronique dans lequel les cr\u00e9anciers enregistrent les avis de s\u00fbret\u00e9 (privil\u00e8ges) sur des biens personnels. Les biens&hellip; <br \/> <a class=\"read-more btn btn-green-2\" href=\"https:\/\/www.teranetmanitoba.ca\/fr\/bureau-denregistrement-relative-aux-biens-personnels\/\">Lire la suite<\/a><\/p>\n","protected":false},"author":2,"featured_media":2756,"parent":0,"menu_order":0,"comment_status":"closed","ping_status":"closed","template":"","meta":{"_acf_changed":false,"footnotes":""},"class_list":["post-2161","page","type-page","status-publish","has-post-thumbnail","hentry"],"acf":[],"yoast_head":"<!-- This site is optimized with the Yoast SEO Premium plugin v27.0 (Yoast SEO v27.0) - https:\/\/yoast.com\/product\/yoast-seo-premium-wordpress\/ -->\n<title>Biens personnels - Teranet Manitoba<\/title>\n<meta name=\"robots\" content=\"index, follow, max-snippet:-1, max-image-preview:large, max-video-preview:-1\" \/>\n<link rel=\"canonical\" href=\"https:\/\/teranetmanitoba.ca\/fr\/bureau-denregistrement-relative-aux-biens-personnels\/\" \/>\n<meta property=\"og:locale\" content=\"fr_FR\" \/>\n<meta property=\"og:type\" content=\"article\" \/>\n<meta property=\"og:title\" content=\"Biens personnels\" \/>\n<meta property=\"og:description\" content=\"Teranet Manitoba\u00a0LP administre le Bureau d\u2019enregistrement relatif aux biens personnels au nom de la Province du Manitoba, conform\u00e9ment \u00e0 la Loi sur les s\u00fbret\u00e9s relatives aux biens personnels. Le Bureau d\u2019enregistrement relatif aux biens personnels est un registre \u00e9lectronique dans lequel les cr\u00e9anciers enregistrent les avis de s\u00fbret\u00e9 (privil\u00e8ges) sur des biens personnels. Les biens&hellip; Lire la suite\" \/>\n<meta property=\"og:url\" content=\"https:\/\/teranetmanitoba.ca\/fr\/bureau-denregistrement-relative-aux-biens-personnels\/\" \/>\n<meta property=\"og:site_name\" content=\"Teranet Manitoba\" \/>\n<meta property=\"article:modified_time\" content=\"2025-11-26T14:32:24+00:00\" \/>\n<meta property=\"og:image\" content=\"https:\/\/teranetmanitoba.ca\/wp-content\/uploads\/2019\/11\/PPRsection.jpg\" \/>\n\t<meta property=\"og:image:width\" content=\"1200\" \/>\n\t<meta property=\"og:image:height\" content=\"800\" \/>\n\t<meta property=\"og:image:type\" content=\"image\/jpeg\" \/>\n<meta name=\"twitter:card\" content=\"summary_large_image\" \/>\n<script type=\"application\/ld+json\" class=\"yoast-schema-graph\">{\"@context\":\"https:\/\/schema.org\",\"@graph\":[{\"@type\":\"WebPage\",\"@id\":\"https:\/\/teranetmanitoba.ca\/fr\/bureau-denregistrement-relative-aux-biens-personnels\/\",\"url\":\"https:\/\/teranetmanitoba.ca\/fr\/bureau-denregistrement-relative-aux-biens-personnels\/\",\"name\":\"Biens personnels - Teranet Manitoba\",\"isPartOf\":{\"@id\":\"https:\/\/www.teranetmanitoba.ca\/#website\"},\"primaryImageOfPage\":{\"@id\":\"https:\/\/teranetmanitoba.ca\/fr\/bureau-denregistrement-relative-aux-biens-personnels\/#primaryimage\"},\"image\":{\"@id\":\"https:\/\/teranetmanitoba.ca\/fr\/bureau-denregistrement-relative-aux-biens-personnels\/#primaryimage\"},\"thumbnailUrl\":\"https:\/\/www.teranetmanitoba.ca\/wp-content\/uploads\/2019\/11\/PPRsection.jpg\",\"datePublished\":\"2019-08-27T19:17:54+00:00\",\"dateModified\":\"2025-11-26T14:32:24+00:00\",\"breadcrumb\":{\"@id\":\"https:\/\/teranetmanitoba.ca\/fr\/bureau-denregistrement-relative-aux-biens-personnels\/#breadcrumb\"},\"inLanguage\":\"fr-FR\",\"potentialAction\":[{\"@type\":\"ReadAction\",\"target\":[\"https:\/\/teranetmanitoba.ca\/fr\/bureau-denregistrement-relative-aux-biens-personnels\/\"]}]},{\"@type\":\"ImageObject\",\"inLanguage\":\"fr-FR\",\"@id\":\"https:\/\/teranetmanitoba.ca\/fr\/bureau-denregistrement-relative-aux-biens-personnels\/#primaryimage\",\"url\":\"https:\/\/www.teranetmanitoba.ca\/wp-content\/uploads\/2019\/11\/PPRsection.jpg\",\"contentUrl\":\"https:\/\/www.teranetmanitoba.ca\/wp-content\/uploads\/2019\/11\/PPRsection.jpg\",\"width\":1200,\"height\":800},{\"@type\":\"BreadcrumbList\",\"@id\":\"https:\/\/teranetmanitoba.ca\/fr\/bureau-denregistrement-relative-aux-biens-personnels\/#breadcrumb\",\"itemListElement\":[{\"@type\":\"ListItem\",\"position\":1,\"name\":\"Home\",\"item\":\"https:\/\/www.teranetmanitoba.ca\/fr\/\"},{\"@type\":\"ListItem\",\"position\":2,\"name\":\"Biens personnels\"}]},{\"@type\":\"WebSite\",\"@id\":\"https:\/\/www.teranetmanitoba.ca\/#website\",\"url\":\"https:\/\/www.teranetmanitoba.ca\/\",\"name\":\"Teranet Manitoba\",\"description\":\"\",\"publisher\":{\"@id\":\"https:\/\/www.teranetmanitoba.ca\/#organization\"},\"potentialAction\":[{\"@type\":\"SearchAction\",\"target\":{\"@type\":\"EntryPoint\",\"urlTemplate\":\"https:\/\/www.teranetmanitoba.ca\/?s={search_term_string}\"},\"query-input\":{\"@type\":\"PropertyValueSpecification\",\"valueRequired\":true,\"valueName\":\"search_term_string\"}}],\"inLanguage\":\"fr-FR\"},{\"@type\":\"Organization\",\"@id\":\"https:\/\/www.teranetmanitoba.ca\/#organization\",\"name\":\"Teranet Manitoba\",\"url\":\"https:\/\/www.teranetmanitoba.ca\/\",\"logo\":{\"@type\":\"ImageObject\",\"inLanguage\":\"fr-FR\",\"@id\":\"https:\/\/www.teranetmanitoba.ca\/#\/schema\/logo\/image\/\",\"url\":\"https:\/\/www.teranetmanitoba.ca\/wp-content\/uploads\/2024\/01\/TMB-RGB-horz-EN.png\",\"contentUrl\":\"https:\/\/www.teranetmanitoba.ca\/wp-content\/uploads\/2024\/01\/TMB-RGB-horz-EN.png\",\"width\":2768,\"height\":564,\"caption\":\"Teranet Manitoba\"},\"image\":{\"@id\":\"https:\/\/www.teranetmanitoba.ca\/#\/schema\/logo\/image\/\"},\"sameAs\":[\"https:\/\/www.linkedin.com\/company\/teranet-manitoba\/\",\"https:\/\/www.youtube.com\/@teranetmanitoba\"]}]}<\/script>\n<!-- \/ Yoast SEO Premium plugin. -->","yoast_head_json":{"title":"Biens personnels - Teranet Manitoba","robots":{"index":"index","follow":"follow","max-snippet":"max-snippet:-1","max-image-preview":"max-image-preview:large","max-video-preview":"max-video-preview:-1"},"canonical":"https:\/\/teranetmanitoba.ca\/fr\/bureau-denregistrement-relative-aux-biens-personnels\/","og_locale":"fr_FR","og_type":"article","og_title":"Biens personnels","og_description":"Teranet Manitoba\u00a0LP administre le Bureau d\u2019enregistrement relatif aux biens personnels au nom de la Province du Manitoba, conform\u00e9ment \u00e0 la Loi sur les s\u00fbret\u00e9s relatives aux biens personnels. Le Bureau d\u2019enregistrement relatif aux biens personnels est un registre \u00e9lectronique dans lequel les cr\u00e9anciers enregistrent les avis de s\u00fbret\u00e9 (privil\u00e8ges) sur des biens personnels. Les biens&hellip; Lire la suite","og_url":"https:\/\/teranetmanitoba.ca\/fr\/bureau-denregistrement-relative-aux-biens-personnels\/","og_site_name":"Teranet Manitoba","article_modified_time":"2025-11-26T14:32:24+00:00","og_image":[{"width":1200,"height":800,"url":"https:\/\/teranetmanitoba.ca\/wp-content\/uploads\/2019\/11\/PPRsection.jpg","type":"image\/jpeg"}],"twitter_card":"summary_large_image","schema":{"@context":"https:\/\/schema.org","@graph":[{"@type":"WebPage","@id":"https:\/\/teranetmanitoba.ca\/fr\/bureau-denregistrement-relative-aux-biens-personnels\/","url":"https:\/\/teranetmanitoba.ca\/fr\/bureau-denregistrement-relative-aux-biens-personnels\/","name":"Biens personnels - Teranet Manitoba","isPartOf":{"@id":"https:\/\/www.teranetmanitoba.ca\/#website"},"primaryImageOfPage":{"@id":"https:\/\/teranetmanitoba.ca\/fr\/bureau-denregistrement-relative-aux-biens-personnels\/#primaryimage"},"image":{"@id":"https:\/\/teranetmanitoba.ca\/fr\/bureau-denregistrement-relative-aux-biens-personnels\/#primaryimage"},"thumbnailUrl":"https:\/\/www.teranetmanitoba.ca\/wp-content\/uploads\/2019\/11\/PPRsection.jpg","datePublished":"2019-08-27T19:17:54+00:00","dateModified":"2025-11-26T14:32:24+00:00","breadcrumb":{"@id":"https:\/\/teranetmanitoba.ca\/fr\/bureau-denregistrement-relative-aux-biens-personnels\/#breadcrumb"},"inLanguage":"fr-FR","potentialAction":[{"@type":"ReadAction","target":["https:\/\/teranetmanitoba.ca\/fr\/bureau-denregistrement-relative-aux-biens-personnels\/"]}]},{"@type":"ImageObject","inLanguage":"fr-FR","@id":"https:\/\/teranetmanitoba.ca\/fr\/bureau-denregistrement-relative-aux-biens-personnels\/#primaryimage","url":"https:\/\/www.teranetmanitoba.ca\/wp-content\/uploads\/2019\/11\/PPRsection.jpg","contentUrl":"https:\/\/www.teranetmanitoba.ca\/wp-content\/uploads\/2019\/11\/PPRsection.jpg","width":1200,"height":800},{"@type":"BreadcrumbList","@id":"https:\/\/teranetmanitoba.ca\/fr\/bureau-denregistrement-relative-aux-biens-personnels\/#breadcrumb","itemListElement":[{"@type":"ListItem","position":1,"name":"Home","item":"https:\/\/www.teranetmanitoba.ca\/fr\/"},{"@type":"ListItem","position":2,"name":"Biens personnels"}]},{"@type":"WebSite","@id":"https:\/\/www.teranetmanitoba.ca\/#website","url":"https:\/\/www.teranetmanitoba.ca\/","name":"Teranet Manitoba","description":"","publisher":{"@id":"https:\/\/www.teranetmanitoba.ca\/#organization"},"potentialAction":[{"@type":"SearchAction","target":{"@type":"EntryPoint","urlTemplate":"https:\/\/www.teranetmanitoba.ca\/?s={search_term_string}"},"query-input":{"@type":"PropertyValueSpecification","valueRequired":true,"valueName":"search_term_string"}}],"inLanguage":"fr-FR"},{"@type":"Organization","@id":"https:\/\/www.teranetmanitoba.ca\/#organization","name":"Teranet Manitoba","url":"https:\/\/www.teranetmanitoba.ca\/","logo":{"@type":"ImageObject","inLanguage":"fr-FR","@id":"https:\/\/www.teranetmanitoba.ca\/#\/schema\/logo\/image\/","url":"https:\/\/www.teranetmanitoba.ca\/wp-content\/uploads\/2024\/01\/TMB-RGB-horz-EN.png","contentUrl":"https:\/\/www.teranetmanitoba.ca\/wp-content\/uploads\/2024\/01\/TMB-RGB-horz-EN.png","width":2768,"height":564,"caption":"Teranet Manitoba"},"image":{"@id":"https:\/\/www.teranetmanitoba.ca\/#\/schema\/logo\/image\/"},"sameAs":["https:\/\/www.linkedin.com\/company\/teranet-manitoba\/","https:\/\/www.youtube.com\/@teranetmanitoba"]}]}},"_links":{"self":[{"href":"https:\/\/www.teranetmanitoba.ca\/fr\/wp-json\/wp\/v2\/pages\/2161","targetHints":{"allow":["GET"]}}],"collection":[{"href":"https:\/\/www.teranetmanitoba.ca\/fr\/wp-json\/wp\/v2\/pages"}],"about":[{"href":"https:\/\/www.teranetmanitoba.ca\/fr\/wp-json\/wp\/v2\/types\/page"}],"author":[{"embeddable":true,"href":"https:\/\/www.teranetmanitoba.ca\/fr\/wp-json\/wp\/v2\/users\/2"}],"replies":[{"embeddable":true,"href":"https:\/\/www.teranetmanitoba.ca\/fr\/wp-json\/wp\/v2\/comments?post=2161"}],"version-history":[{"count":35,"href":"https:\/\/www.teranetmanitoba.ca\/fr\/wp-json\/wp\/v2\/pages\/2161\/revisions"}],"predecessor-version":[{"id":13659,"href":"https:\/\/www.teranetmanitoba.ca\/fr\/wp-json\/wp\/v2\/pages\/2161\/revisions\/13659"}],"wp:featuredmedia":[{"embeddable":true,"href":"https:\/\/www.teranetmanitoba.ca\/fr\/wp-json\/wp\/v2\/media\/2756"}],"wp:attachment":[{"href":"https:\/\/www.teranetmanitoba.ca\/fr\/wp-json\/wp\/v2\/media?parent=2161"}],"curies":[{"name":"wp","href":"https:\/\/api.w.org\/{rel}","templated":true}]}}