{"id":2109,"date":"2019-08-29T00:27:29","date_gmt":"2019-08-29T00:27:29","guid":{"rendered":"https:\/\/teranetmanitoba.ca\/land-titles-and-surveys\/land-titles-signing-dates\/"},"modified":"2026-04-07T07:36:27","modified_gmt":"2026-04-07T12:36:27","slug":"date-de-signature-des-titres-fonciers","status":"publish","type":"page","link":"https:\/\/www.teranetmanitoba.ca\/fr\/titres-fonciers\/date-de-signature-des-titres-fonciers\/","title":{"rendered":"Date de signature des titres fonciers"},"content":{"rendered":"<p><span style=\"color: #55565b;\"><p class=\"ai-optimize-6\"><span style=\"color: #55565b;\">Date de signature \u00e0 09 h sur le 7 avril <\/span><span style=\"color: #55565b;\">2026:<\/span><\/p>\n<p class=\"ai-optimize-7\"><strong style=\"color: #55565b;\"><span class=\"Y2IQFc\" lang=\"fr\"><span style=\"color: #55565b;\">1 avril <\/span>2026<\/span><\/strong><\/p>\n<\/span><\/p>\n<p><span style=\"color: #55565b;\">La date d\u2019enregistrement des documents en cours d\u2019examen s\u2019appelle la date de signature. La date de signature change lorsque 90\u00a0% de tous les documents soumis le jour ouvrable pr\u00e9c\u00e9dant ont \u00e9t\u00e9 accept\u00e9s (correctement remplis), rejet\u00e9s ou plac\u00e9s en attente de correction.<\/span><\/p>\n<p><span style=\"color: #55565b;\">Un titre cr\u00e9\u00e9 par un document est d\u00e9livr\u00e9 et prend effet lorsque ce document est accept\u00e9.<\/span><\/p>\n<p>&nbsp;<\/p>\n","protected":false},"excerpt":{"rendered":"<p>La date d\u2019enregistrement des documents en cours d\u2019examen s\u2019appelle la date de signature. La date de signature change lorsque 90\u00a0% de tous les documents soumis le jour ouvrable pr\u00e9c\u00e9dant ont \u00e9t\u00e9 accept\u00e9s (correctement remplis), rejet\u00e9s ou plac\u00e9s en attente de correction. Un titre cr\u00e9\u00e9 par un document est d\u00e9livr\u00e9 et prend effet lorsque ce document&hellip; <br \/> <a class=\"read-more btn btn-green-2\" href=\"https:\/\/www.teranetmanitoba.ca\/fr\/titres-fonciers\/date-de-signature-des-titres-fonciers\/\">Lire la suite<\/a><\/p>\n","protected":false},"author":2,"featured_media":2751,"parent":2106,"menu_order":0,"comment_status":"closed","ping_status":"closed","template":"","meta":{"_acf_changed":false,"footnotes":""},"class_list":["post-2109","page","type-page","status-publish","has-post-thumbnail","hentry"],"acf":[],"yoast_head":"<!-- This site is optimized with the Yoast SEO Premium plugin v27.3 (Yoast SEO v27.3) - https:\/\/yoast.com\/product\/yoast-seo-premium-wordpress\/ -->\n<title>Date de signature des titres fonciers - Teranet Manitoba<\/title>\n<meta name=\"robots\" content=\"index, follow, max-snippet:-1, max-image-preview:large, max-video-preview:-1\" \/>\n<link rel=\"canonical\" href=\"https:\/\/teranetmanitoba.ca\/fr\/titres-fonciers\/date-de-signature-des-titres-fonciers\/\" \/>\n<meta property=\"og:locale\" content=\"fr_FR\" \/>\n<meta property=\"og:type\" content=\"article\" \/>\n<meta property=\"og:title\" content=\"Date de signature des titres fonciers\" \/>\n<meta property=\"og:description\" content=\"La date d\u2019enregistrement des documents en cours d\u2019examen s\u2019appelle la date de signature. La date de signature change lorsque 90\u00a0% de tous les documents soumis le jour ouvrable pr\u00e9c\u00e9dant ont \u00e9t\u00e9 accept\u00e9s (correctement remplis), rejet\u00e9s ou plac\u00e9s en attente de correction. Un titre cr\u00e9\u00e9 par un document est d\u00e9livr\u00e9 et prend effet lorsque ce document&hellip; Lire la suite\" \/>\n<meta property=\"og:url\" content=\"https:\/\/teranetmanitoba.ca\/fr\/titres-fonciers\/date-de-signature-des-titres-fonciers\/\" \/>\n<meta property=\"og:site_name\" content=\"Teranet Manitoba\" \/>\n<meta property=\"article:modified_time\" content=\"2026-04-07T12:36:27+00:00\" \/>\n<meta property=\"og:image\" content=\"https:\/\/teranetmanitoba.ca\/wp-content\/uploads\/2019\/11\/landtitlessection.jpg\" \/>\n\t<meta property=\"og:image:width\" content=\"977\" \/>\n\t<meta property=\"og:image:height\" content=\"651\" \/>\n\t<meta property=\"og:image:type\" content=\"image\/jpeg\" \/>\n<meta name=\"twitter:card\" content=\"summary_large_image\" \/>\n<script type=\"application\/ld+json\" class=\"yoast-schema-graph\">{\"@context\":\"https:\\\/\\\/schema.org\",\"@graph\":[{\"@type\":\"WebPage\",\"@id\":\"https:\\\/\\\/teranetmanitoba.ca\\\/fr\\\/titres-fonciers\\\/date-de-signature-des-titres-fonciers\\\/\",\"url\":\"https:\\\/\\\/teranetmanitoba.ca\\\/fr\\\/titres-fonciers\\\/date-de-signature-des-titres-fonciers\\\/\",\"name\":\"Date de signature des titres fonciers - Teranet Manitoba\",\"isPartOf\":{\"@id\":\"https:\\\/\\\/teranetmanitoba.ca\\\/#website\"},\"primaryImageOfPage\":{\"@id\":\"https:\\\/\\\/teranetmanitoba.ca\\\/fr\\\/titres-fonciers\\\/date-de-signature-des-titres-fonciers\\\/#primaryimage\"},\"image\":{\"@id\":\"https:\\\/\\\/teranetmanitoba.ca\\\/fr\\\/titres-fonciers\\\/date-de-signature-des-titres-fonciers\\\/#primaryimage\"},\"thumbnailUrl\":\"https:\\\/\\\/www.teranetmanitoba.ca\\\/wp-content\\\/uploads\\\/2019\\\/11\\\/landtitlessection.jpg\",\"datePublished\":\"2019-08-29T00:27:29+00:00\",\"dateModified\":\"2026-04-07T12:36:27+00:00\",\"breadcrumb\":{\"@id\":\"https:\\\/\\\/teranetmanitoba.ca\\\/fr\\\/titres-fonciers\\\/date-de-signature-des-titres-fonciers\\\/#breadcrumb\"},\"inLanguage\":\"fr-FR\",\"potentialAction\":[{\"@type\":\"ReadAction\",\"target\":[\"https:\\\/\\\/teranetmanitoba.ca\\\/fr\\\/titres-fonciers\\\/date-de-signature-des-titres-fonciers\\\/\"]}]},{\"@type\":\"ImageObject\",\"inLanguage\":\"fr-FR\",\"@id\":\"https:\\\/\\\/teranetmanitoba.ca\\\/fr\\\/titres-fonciers\\\/date-de-signature-des-titres-fonciers\\\/#primaryimage\",\"url\":\"https:\\\/\\\/www.teranetmanitoba.ca\\\/wp-content\\\/uploads\\\/2019\\\/11\\\/landtitlessection.jpg\",\"contentUrl\":\"https:\\\/\\\/www.teranetmanitoba.ca\\\/wp-content\\\/uploads\\\/2019\\\/11\\\/landtitlessection.jpg\",\"width\":977,\"height\":651,\"caption\":\"real estate investment concept, property value diagram on touchscreen, buy a house\"},{\"@type\":\"BreadcrumbList\",\"@id\":\"https:\\\/\\\/teranetmanitoba.ca\\\/fr\\\/titres-fonciers\\\/date-de-signature-des-titres-fonciers\\\/#breadcrumb\",\"itemListElement\":[{\"@type\":\"ListItem\",\"position\":1,\"name\":\"Home\",\"item\":\"https:\\\/\\\/teranetmanitoba.ca\\\/fr\\\/\"},{\"@type\":\"ListItem\",\"position\":2,\"name\":\"Titres fonciers\",\"item\":\"https:\\\/\\\/www.teranetmanitoba.ca\\\/fr\\\/titres-fonciers\\\/\"},{\"@type\":\"ListItem\",\"position\":3,\"name\":\"Date de signature des titres fonciers\"}]},{\"@type\":\"WebSite\",\"@id\":\"https:\\\/\\\/teranetmanitoba.ca\\\/#website\",\"url\":\"https:\\\/\\\/teranetmanitoba.ca\\\/\",\"name\":\"Teranet Manitoba\",\"description\":\"\",\"publisher\":{\"@id\":\"https:\\\/\\\/teranetmanitoba.ca\\\/#organization\"},\"potentialAction\":[{\"@type\":\"SearchAction\",\"target\":{\"@type\":\"EntryPoint\",\"urlTemplate\":\"https:\\\/\\\/teranetmanitoba.ca\\\/?s={search_term_string}\"},\"query-input\":{\"@type\":\"PropertyValueSpecification\",\"valueRequired\":true,\"valueName\":\"search_term_string\"}}],\"inLanguage\":\"fr-FR\"},{\"@type\":\"Organization\",\"@id\":\"https:\\\/\\\/teranetmanitoba.ca\\\/#organization\",\"name\":\"Teranet Manitoba\",\"url\":\"https:\\\/\\\/teranetmanitoba.ca\\\/\",\"logo\":{\"@type\":\"ImageObject\",\"inLanguage\":\"fr-FR\",\"@id\":\"https:\\\/\\\/teranetmanitoba.ca\\\/#\\\/schema\\\/logo\\\/image\\\/\",\"url\":\"https:\\\/\\\/www.teranetmanitoba.ca\\\/wp-content\\\/uploads\\\/2024\\\/01\\\/TMB-RGB-horz-EN.png\",\"contentUrl\":\"https:\\\/\\\/www.teranetmanitoba.ca\\\/wp-content\\\/uploads\\\/2024\\\/01\\\/TMB-RGB-horz-EN.png\",\"width\":2768,\"height\":564,\"caption\":\"Teranet Manitoba\"},\"image\":{\"@id\":\"https:\\\/\\\/teranetmanitoba.ca\\\/#\\\/schema\\\/logo\\\/image\\\/\"},\"sameAs\":[\"https:\\\/\\\/www.linkedin.com\\\/company\\\/teranet-manitoba\\\/\",\"https:\\\/\\\/www.youtube.com\\\/@teranetmanitoba\"]}]}<\/script>\n<!-- \/ Yoast SEO Premium plugin. -->","yoast_head_json":{"title":"Date de signature des titres fonciers - Teranet Manitoba","robots":{"index":"index","follow":"follow","max-snippet":"max-snippet:-1","max-image-preview":"max-image-preview:large","max-video-preview":"max-video-preview:-1"},"canonical":"https:\/\/teranetmanitoba.ca\/fr\/titres-fonciers\/date-de-signature-des-titres-fonciers\/","og_locale":"fr_FR","og_type":"article","og_title":"Date de signature des titres fonciers","og_description":"La date d\u2019enregistrement des documents en cours d\u2019examen s\u2019appelle la date de signature. La date de signature change lorsque 90\u00a0% de tous les documents soumis le jour ouvrable pr\u00e9c\u00e9dant ont \u00e9t\u00e9 accept\u00e9s (correctement remplis), rejet\u00e9s ou plac\u00e9s en attente de correction. Un titre cr\u00e9\u00e9 par un document est d\u00e9livr\u00e9 et prend effet lorsque ce document&hellip; Lire la suite","og_url":"https:\/\/teranetmanitoba.ca\/fr\/titres-fonciers\/date-de-signature-des-titres-fonciers\/","og_site_name":"Teranet Manitoba","article_modified_time":"2026-04-07T12:36:27+00:00","og_image":[{"width":977,"height":651,"url":"https:\/\/teranetmanitoba.ca\/wp-content\/uploads\/2019\/11\/landtitlessection.jpg","type":"image\/jpeg"}],"twitter_card":"summary_large_image","schema":{"@context":"https:\/\/schema.org","@graph":[{"@type":"WebPage","@id":"https:\/\/teranetmanitoba.ca\/fr\/titres-fonciers\/date-de-signature-des-titres-fonciers\/","url":"https:\/\/teranetmanitoba.ca\/fr\/titres-fonciers\/date-de-signature-des-titres-fonciers\/","name":"Date de signature des titres fonciers - Teranet Manitoba","isPartOf":{"@id":"https:\/\/teranetmanitoba.ca\/#website"},"primaryImageOfPage":{"@id":"https:\/\/teranetmanitoba.ca\/fr\/titres-fonciers\/date-de-signature-des-titres-fonciers\/#primaryimage"},"image":{"@id":"https:\/\/teranetmanitoba.ca\/fr\/titres-fonciers\/date-de-signature-des-titres-fonciers\/#primaryimage"},"thumbnailUrl":"https:\/\/www.teranetmanitoba.ca\/wp-content\/uploads\/2019\/11\/landtitlessection.jpg","datePublished":"2019-08-29T00:27:29+00:00","dateModified":"2026-04-07T12:36:27+00:00","breadcrumb":{"@id":"https:\/\/teranetmanitoba.ca\/fr\/titres-fonciers\/date-de-signature-des-titres-fonciers\/#breadcrumb"},"inLanguage":"fr-FR","potentialAction":[{"@type":"ReadAction","target":["https:\/\/teranetmanitoba.ca\/fr\/titres-fonciers\/date-de-signature-des-titres-fonciers\/"]}]},{"@type":"ImageObject","inLanguage":"fr-FR","@id":"https:\/\/teranetmanitoba.ca\/fr\/titres-fonciers\/date-de-signature-des-titres-fonciers\/#primaryimage","url":"https:\/\/www.teranetmanitoba.ca\/wp-content\/uploads\/2019\/11\/landtitlessection.jpg","contentUrl":"https:\/\/www.teranetmanitoba.ca\/wp-content\/uploads\/2019\/11\/landtitlessection.jpg","width":977,"height":651,"caption":"real estate investment concept, property value diagram on touchscreen, buy a house"},{"@type":"BreadcrumbList","@id":"https:\/\/teranetmanitoba.ca\/fr\/titres-fonciers\/date-de-signature-des-titres-fonciers\/#breadcrumb","itemListElement":[{"@type":"ListItem","position":1,"name":"Home","item":"https:\/\/teranetmanitoba.ca\/fr\/"},{"@type":"ListItem","position":2,"name":"Titres fonciers","item":"https:\/\/www.teranetmanitoba.ca\/fr\/titres-fonciers\/"},{"@type":"ListItem","position":3,"name":"Date de signature des titres fonciers"}]},{"@type":"WebSite","@id":"https:\/\/teranetmanitoba.ca\/#website","url":"https:\/\/teranetmanitoba.ca\/","name":"Teranet Manitoba","description":"","publisher":{"@id":"https:\/\/teranetmanitoba.ca\/#organization"},"potentialAction":[{"@type":"SearchAction","target":{"@type":"EntryPoint","urlTemplate":"https:\/\/teranetmanitoba.ca\/?s={search_term_string}"},"query-input":{"@type":"PropertyValueSpecification","valueRequired":true,"valueName":"search_term_string"}}],"inLanguage":"fr-FR"},{"@type":"Organization","@id":"https:\/\/teranetmanitoba.ca\/#organization","name":"Teranet Manitoba","url":"https:\/\/teranetmanitoba.ca\/","logo":{"@type":"ImageObject","inLanguage":"fr-FR","@id":"https:\/\/teranetmanitoba.ca\/#\/schema\/logo\/image\/","url":"https:\/\/www.teranetmanitoba.ca\/wp-content\/uploads\/2024\/01\/TMB-RGB-horz-EN.png","contentUrl":"https:\/\/www.teranetmanitoba.ca\/wp-content\/uploads\/2024\/01\/TMB-RGB-horz-EN.png","width":2768,"height":564,"caption":"Teranet Manitoba"},"image":{"@id":"https:\/\/teranetmanitoba.ca\/#\/schema\/logo\/image\/"},"sameAs":["https:\/\/www.linkedin.com\/company\/teranet-manitoba\/","https:\/\/www.youtube.com\/@teranetmanitoba"]}]}},"_links":{"self":[{"href":"https:\/\/www.teranetmanitoba.ca\/fr\/wp-json\/wp\/v2\/pages\/2109","targetHints":{"allow":["GET"]}}],"collection":[{"href":"https:\/\/www.teranetmanitoba.ca\/fr\/wp-json\/wp\/v2\/pages"}],"about":[{"href":"https:\/\/www.teranetmanitoba.ca\/fr\/wp-json\/wp\/v2\/types\/page"}],"author":[{"embeddable":true,"href":"https:\/\/www.teranetmanitoba.ca\/fr\/wp-json\/wp\/v2\/users\/2"}],"replies":[{"embeddable":true,"href":"https:\/\/www.teranetmanitoba.ca\/fr\/wp-json\/wp\/v2\/comments?post=2109"}],"version-history":[{"count":1606,"href":"https:\/\/www.teranetmanitoba.ca\/fr\/wp-json\/wp\/v2\/pages\/2109\/revisions"}],"predecessor-version":[{"id":14007,"href":"https:\/\/www.teranetmanitoba.ca\/fr\/wp-json\/wp\/v2\/pages\/2109\/revisions\/14007"}],"up":[{"embeddable":true,"href":"https:\/\/www.teranetmanitoba.ca\/fr\/wp-json\/wp\/v2\/pages\/2106"}],"wp:featuredmedia":[{"embeddable":true,"href":"https:\/\/www.teranetmanitoba.ca\/fr\/wp-json\/wp\/v2\/media\/2751"}],"wp:attachment":[{"href":"https:\/\/www.teranetmanitoba.ca\/fr\/wp-json\/wp\/v2\/media?parent=2109"}],"curies":[{"name":"wp","href":"https:\/\/api.w.org\/{rel}","templated":true}]}}