{"id":2103,"date":"2019-10-02T04:59:45","date_gmt":"2019-10-02T04:59:45","guid":{"rendered":"https:\/\/teranetmanitoba.ca\/?page_id=2103"},"modified":"2025-10-06T09:47:03","modified_gmt":"2025-10-06T14:47:03","slug":"bienvenue-sur-le-site-de-teranet-manitoba","status":"publish","type":"page","link":"https:\/\/www.teranetmanitoba.ca\/fr\/","title":{"rendered":"Bienvenue sur le site de Teranet Manitoba"},"content":{"rendered":"<p><span style=\"color: #55565b;\">Teranet Manitoba se sp\u00e9cialise dans les solutions en mati\u00e8re de services d\u2019enregistrement. Nous sommes le fournisseur exclusif de services pour le r\u00e9gime d\u2019enregistrement des titres fonciers et le Bureau d\u2019enregistrement relatif aux biens personnels du Manitoba.<\/span><\/p>\n<p><span style=\"color: #55565b;\">Nous fournissons des certificats de titres fonciers, nous tenons \u00e0 jour des registres de terres et d\u2019arpentage et nous administrons l\u2019enregistrement des int\u00e9r\u00eats financiers \u00e0 l\u2019\u00e9gard des biens personnels pour le compte de la Province du Manitoba.<\/span><\/p>\n<p><span style=\"color: #55565b;\">\u00c0 titre de fournisseur de services, Teranet Manitoba exploite les bureaux des titres fonciers et le Bureau d\u2019enregistrement relatif aux biens personnels du Manitoba, sous la supervision du <a style=\"color: #55565b;\" href=\"https:\/\/www.gov.mb.ca\/registrar-general\/index.fr.html\"><span style=\"color: #4c7a15;\">registraire g\u00e9n\u00e9ral du Manitoba<\/span><\/a>.<\/span><\/p>\n","protected":false},"excerpt":{"rendered":"<p>Teranet Manitoba se sp\u00e9cialise dans les solutions en mati\u00e8re de services d\u2019enregistrement. Nous sommes le fournisseur exclusif de services pour le r\u00e9gime d\u2019enregistrement des titres fonciers et le Bureau d\u2019enregistrement relatif aux biens personnels du Manitoba. Nous fournissons des certificats de titres fonciers, nous tenons \u00e0 jour des registres de terres et d\u2019arpentage et nous&hellip; <br \/> <a class=\"read-more btn btn-green-2\" href=\"https:\/\/www.teranetmanitoba.ca\/fr\/\">Lire la suite<\/a><\/p>\n","protected":false},"author":2,"featured_media":2762,"parent":0,"menu_order":0,"comment_status":"closed","ping_status":"closed","template":"page-templates\/homepage.php","meta":{"_acf_changed":false,"footnotes":""},"class_list":["post-2103","page","type-page","status-publish","has-post-thumbnail","hentry"],"acf":[],"yoast_head":"<!-- This site is optimized with the Yoast SEO Premium plugin v27.3 (Yoast SEO v27.3) - https:\/\/yoast.com\/product\/yoast-seo-premium-wordpress\/ -->\n<title>Bienvenue sur le site de Teranet Manitoba - Teranet Manitoba<\/title>\n<meta name=\"robots\" content=\"index, follow, max-snippet:-1, max-image-preview:large, max-video-preview:-1\" \/>\n<link rel=\"canonical\" href=\"https:\/\/teranetmanitoba.ca\/fr\/\" \/>\n<meta property=\"og:locale\" content=\"fr_FR\" \/>\n<meta property=\"og:type\" content=\"article\" \/>\n<meta property=\"og:title\" content=\"Bienvenue sur le site de Teranet Manitoba\" \/>\n<meta property=\"og:description\" content=\"Teranet Manitoba se sp\u00e9cialise dans les solutions en mati\u00e8re de services d\u2019enregistrement. Nous sommes le fournisseur exclusif de services pour le r\u00e9gime d\u2019enregistrement des titres fonciers et le Bureau d\u2019enregistrement relatif aux biens personnels du Manitoba. Nous fournissons des certificats de titres fonciers, nous tenons \u00e0 jour des registres de terres et d\u2019arpentage et nous&hellip; Lire la suite\" \/>\n<meta property=\"og:url\" content=\"https:\/\/teranetmanitoba.ca\/fr\/\" \/>\n<meta property=\"og:site_name\" content=\"Teranet Manitoba\" \/>\n<meta property=\"article:modified_time\" content=\"2025-10-06T14:47:03+00:00\" \/>\n<meta property=\"og:image\" content=\"https:\/\/teranetmanitoba.ca\/wp-content\/uploads\/2019\/11\/hero.jpg\" \/>\n\t<meta property=\"og:image:width\" content=\"1200\" \/>\n\t<meta property=\"og:image:height\" content=\"525\" \/>\n\t<meta property=\"og:image:type\" content=\"image\/jpeg\" \/>\n<meta name=\"twitter:card\" content=\"summary_large_image\" \/>\n<script type=\"application\/ld+json\" class=\"yoast-schema-graph\">{\"@context\":\"https:\\\/\\\/schema.org\",\"@graph\":[{\"@type\":\"WebPage\",\"@id\":\"https:\\\/\\\/teranetmanitoba.ca\\\/fr\\\/\",\"url\":\"https:\\\/\\\/teranetmanitoba.ca\\\/fr\\\/\",\"name\":\"Bienvenue sur le site de Teranet Manitoba - Teranet Manitoba\",\"isPartOf\":{\"@id\":\"https:\\\/\\\/teranetmanitoba.ca\\\/#website\"},\"primaryImageOfPage\":{\"@id\":\"https:\\\/\\\/teranetmanitoba.ca\\\/fr\\\/#primaryimage\"},\"image\":{\"@id\":\"https:\\\/\\\/teranetmanitoba.ca\\\/fr\\\/#primaryimage\"},\"thumbnailUrl\":\"https:\\\/\\\/www.teranetmanitoba.ca\\\/wp-content\\\/uploads\\\/2019\\\/11\\\/hero.jpg\",\"datePublished\":\"2019-10-02T04:59:45+00:00\",\"dateModified\":\"2025-10-06T14:47:03+00:00\",\"breadcrumb\":{\"@id\":\"https:\\\/\\\/teranetmanitoba.ca\\\/fr\\\/#breadcrumb\"},\"inLanguage\":\"fr-FR\",\"potentialAction\":[{\"@type\":\"ReadAction\",\"target\":[\"https:\\\/\\\/teranetmanitoba.ca\\\/fr\\\/\"]}]},{\"@type\":\"ImageObject\",\"inLanguage\":\"fr-FR\",\"@id\":\"https:\\\/\\\/teranetmanitoba.ca\\\/fr\\\/#primaryimage\",\"url\":\"https:\\\/\\\/www.teranetmanitoba.ca\\\/wp-content\\\/uploads\\\/2019\\\/11\\\/hero.jpg\",\"contentUrl\":\"https:\\\/\\\/www.teranetmanitoba.ca\\\/wp-content\\\/uploads\\\/2019\\\/11\\\/hero.jpg\",\"width\":1200,\"height\":525,\"caption\":\"Close up of a woman using a phone\"},{\"@type\":\"BreadcrumbList\",\"@id\":\"https:\\\/\\\/teranetmanitoba.ca\\\/fr\\\/#breadcrumb\",\"itemListElement\":[{\"@type\":\"ListItem\",\"position\":1,\"name\":\"Home\",\"item\":\"https:\\\/\\\/teranetmanitoba.ca\\\/fr\\\/\"},{\"@type\":\"ListItem\",\"position\":2,\"name\":\"Bienvenue sur le site de Teranet Manitoba\"}]},{\"@type\":\"WebSite\",\"@id\":\"https:\\\/\\\/teranetmanitoba.ca\\\/#website\",\"url\":\"https:\\\/\\\/teranetmanitoba.ca\\\/\",\"name\":\"Teranet Manitoba\",\"description\":\"\",\"publisher\":{\"@id\":\"https:\\\/\\\/teranetmanitoba.ca\\\/#organization\"},\"potentialAction\":[{\"@type\":\"SearchAction\",\"target\":{\"@type\":\"EntryPoint\",\"urlTemplate\":\"https:\\\/\\\/teranetmanitoba.ca\\\/?s={search_term_string}\"},\"query-input\":{\"@type\":\"PropertyValueSpecification\",\"valueRequired\":true,\"valueName\":\"search_term_string\"}}],\"inLanguage\":\"fr-FR\"},{\"@type\":\"Organization\",\"@id\":\"https:\\\/\\\/teranetmanitoba.ca\\\/#organization\",\"name\":\"Teranet Manitoba\",\"url\":\"https:\\\/\\\/teranetmanitoba.ca\\\/\",\"logo\":{\"@type\":\"ImageObject\",\"inLanguage\":\"fr-FR\",\"@id\":\"https:\\\/\\\/teranetmanitoba.ca\\\/#\\\/schema\\\/logo\\\/image\\\/\",\"url\":\"https:\\\/\\\/www.teranetmanitoba.ca\\\/wp-content\\\/uploads\\\/2024\\\/01\\\/TMB-RGB-horz-EN.png\",\"contentUrl\":\"https:\\\/\\\/www.teranetmanitoba.ca\\\/wp-content\\\/uploads\\\/2024\\\/01\\\/TMB-RGB-horz-EN.png\",\"width\":2768,\"height\":564,\"caption\":\"Teranet Manitoba\"},\"image\":{\"@id\":\"https:\\\/\\\/teranetmanitoba.ca\\\/#\\\/schema\\\/logo\\\/image\\\/\"},\"sameAs\":[\"https:\\\/\\\/www.linkedin.com\\\/company\\\/teranet-manitoba\\\/\",\"https:\\\/\\\/www.youtube.com\\\/@teranetmanitoba\"]}]}<\/script>\n<!-- \/ Yoast SEO Premium plugin. -->","yoast_head_json":{"title":"Bienvenue sur le site de Teranet Manitoba - Teranet Manitoba","robots":{"index":"index","follow":"follow","max-snippet":"max-snippet:-1","max-image-preview":"max-image-preview:large","max-video-preview":"max-video-preview:-1"},"canonical":"https:\/\/teranetmanitoba.ca\/fr\/","og_locale":"fr_FR","og_type":"article","og_title":"Bienvenue sur le site de Teranet Manitoba","og_description":"Teranet Manitoba se sp\u00e9cialise dans les solutions en mati\u00e8re de services d\u2019enregistrement. Nous sommes le fournisseur exclusif de services pour le r\u00e9gime d\u2019enregistrement des titres fonciers et le Bureau d\u2019enregistrement relatif aux biens personnels du Manitoba. Nous fournissons des certificats de titres fonciers, nous tenons \u00e0 jour des registres de terres et d\u2019arpentage et nous&hellip; Lire la suite","og_url":"https:\/\/teranetmanitoba.ca\/fr\/","og_site_name":"Teranet Manitoba","article_modified_time":"2025-10-06T14:47:03+00:00","og_image":[{"width":1200,"height":525,"url":"https:\/\/teranetmanitoba.ca\/wp-content\/uploads\/2019\/11\/hero.jpg","type":"image\/jpeg"}],"twitter_card":"summary_large_image","schema":{"@context":"https:\/\/schema.org","@graph":[{"@type":"WebPage","@id":"https:\/\/teranetmanitoba.ca\/fr\/","url":"https:\/\/teranetmanitoba.ca\/fr\/","name":"Bienvenue sur le site de Teranet Manitoba - Teranet Manitoba","isPartOf":{"@id":"https:\/\/teranetmanitoba.ca\/#website"},"primaryImageOfPage":{"@id":"https:\/\/teranetmanitoba.ca\/fr\/#primaryimage"},"image":{"@id":"https:\/\/teranetmanitoba.ca\/fr\/#primaryimage"},"thumbnailUrl":"https:\/\/www.teranetmanitoba.ca\/wp-content\/uploads\/2019\/11\/hero.jpg","datePublished":"2019-10-02T04:59:45+00:00","dateModified":"2025-10-06T14:47:03+00:00","breadcrumb":{"@id":"https:\/\/teranetmanitoba.ca\/fr\/#breadcrumb"},"inLanguage":"fr-FR","potentialAction":[{"@type":"ReadAction","target":["https:\/\/teranetmanitoba.ca\/fr\/"]}]},{"@type":"ImageObject","inLanguage":"fr-FR","@id":"https:\/\/teranetmanitoba.ca\/fr\/#primaryimage","url":"https:\/\/www.teranetmanitoba.ca\/wp-content\/uploads\/2019\/11\/hero.jpg","contentUrl":"https:\/\/www.teranetmanitoba.ca\/wp-content\/uploads\/2019\/11\/hero.jpg","width":1200,"height":525,"caption":"Close up of a woman using a phone"},{"@type":"BreadcrumbList","@id":"https:\/\/teranetmanitoba.ca\/fr\/#breadcrumb","itemListElement":[{"@type":"ListItem","position":1,"name":"Home","item":"https:\/\/teranetmanitoba.ca\/fr\/"},{"@type":"ListItem","position":2,"name":"Bienvenue sur le site de Teranet Manitoba"}]},{"@type":"WebSite","@id":"https:\/\/teranetmanitoba.ca\/#website","url":"https:\/\/teranetmanitoba.ca\/","name":"Teranet Manitoba","description":"","publisher":{"@id":"https:\/\/teranetmanitoba.ca\/#organization"},"potentialAction":[{"@type":"SearchAction","target":{"@type":"EntryPoint","urlTemplate":"https:\/\/teranetmanitoba.ca\/?s={search_term_string}"},"query-input":{"@type":"PropertyValueSpecification","valueRequired":true,"valueName":"search_term_string"}}],"inLanguage":"fr-FR"},{"@type":"Organization","@id":"https:\/\/teranetmanitoba.ca\/#organization","name":"Teranet Manitoba","url":"https:\/\/teranetmanitoba.ca\/","logo":{"@type":"ImageObject","inLanguage":"fr-FR","@id":"https:\/\/teranetmanitoba.ca\/#\/schema\/logo\/image\/","url":"https:\/\/www.teranetmanitoba.ca\/wp-content\/uploads\/2024\/01\/TMB-RGB-horz-EN.png","contentUrl":"https:\/\/www.teranetmanitoba.ca\/wp-content\/uploads\/2024\/01\/TMB-RGB-horz-EN.png","width":2768,"height":564,"caption":"Teranet Manitoba"},"image":{"@id":"https:\/\/teranetmanitoba.ca\/#\/schema\/logo\/image\/"},"sameAs":["https:\/\/www.linkedin.com\/company\/teranet-manitoba\/","https:\/\/www.youtube.com\/@teranetmanitoba"]}]}},"_links":{"self":[{"href":"https:\/\/www.teranetmanitoba.ca\/fr\/wp-json\/wp\/v2\/pages\/2103","targetHints":{"allow":["GET"]}}],"collection":[{"href":"https:\/\/www.teranetmanitoba.ca\/fr\/wp-json\/wp\/v2\/pages"}],"about":[{"href":"https:\/\/www.teranetmanitoba.ca\/fr\/wp-json\/wp\/v2\/types\/page"}],"author":[{"embeddable":true,"href":"https:\/\/www.teranetmanitoba.ca\/fr\/wp-json\/wp\/v2\/users\/2"}],"replies":[{"embeddable":true,"href":"https:\/\/www.teranetmanitoba.ca\/fr\/wp-json\/wp\/v2\/comments?post=2103"}],"version-history":[{"count":98,"href":"https:\/\/www.teranetmanitoba.ca\/fr\/wp-json\/wp\/v2\/pages\/2103\/revisions"}],"predecessor-version":[{"id":13536,"href":"https:\/\/www.teranetmanitoba.ca\/fr\/wp-json\/wp\/v2\/pages\/2103\/revisions\/13536"}],"wp:featuredmedia":[{"embeddable":true,"href":"https:\/\/www.teranetmanitoba.ca\/fr\/wp-json\/wp\/v2\/media\/2762"}],"wp:attachment":[{"href":"https:\/\/www.teranetmanitoba.ca\/fr\/wp-json\/wp\/v2\/media?parent=2103"}],"curies":[{"name":"wp","href":"https:\/\/api.w.org\/{rel}","templated":true}]}}